{"id":2773,"date":"2022-05-17T11:25:20","date_gmt":"2022-05-17T11:25:20","guid":{"rendered":"https:\/\/montanaclub.es\/politica-privacidad\/"},"modified":"2023-06-15T06:31:08","modified_gmt":"2023-06-15T06:31:08","slug":"privacy-policy","status":"publish","type":"page","link":"https:\/\/montanaclub.es\/en\/privacy-policy\/","title":{"rendered":"Privacy policy"},"content":{"rendered":"\n<div class=\"wp-block-columns container text is-layout-flex wp-container-core-columns-is-layout-9d6595d7 wp-block-columns-is-layout-flex\">\n<div class=\"wp-block-column text is-layout-flow wp-block-column-is-layout-flow\">\n<h2 class=\"wp-block-heading has-text-color has-large-font-size\" style=\"color:#6cafc100\">POL\u00cd<\/h2>\n\n\n\n<p class=\"has-text-align-center container text has-text-color has-x-large-font-size\" style=\"color:#6cafc1\"><strong>POL\u00cdTICA DE PRIVACIDAD<\/strong><\/p>\n\n\n\n<div style=\"height:59px\" aria-hidden=\"true\" class=\"wp-block-spacer\"><\/div>\n\n\n\n<ol class=\"wp-block-list\">\n<li class=\"has-large-font-size\"><strong>IDENTIDAD DEL RESPONSABLE DEL TRATAMIENTO<\/strong><\/li>\n<\/ol>\n\n\n\n<p class=\"text has-medium-font-size\"><strong>MERCOLA EXPLOTACIONES, S.L. <\/strong>con CIF B35391655, en adelante el RESPTTO, con domicilio en Puerto del Carmen-Lanzarote (Las Palmas), en C\/ Tim\u00f3n n\u00ba 3, y correo electr\u00f3nico <a href=\"mailto:info@montanaclub.es\">info@montanaclub.es<strong>,<\/strong><\/a><strong> <\/strong>es el Titular de \u00e9sta Web y Responsable del Tratamiento de Datos Personales del Usuario y le informa que la informaci\u00f3n facilitada ser\u00e1 tratada de conformidad con lo dispuesto por el Reglamento UE de Protecci\u00f3n de Datos 679\/2016 y la Ley Org\u00e1nica 3\/2018 de Protecci\u00f3n de Datos Personales y garant\u00eda de los derechos digitales), inform\u00e1ndole que:<\/p>\n\n\n\n<div style=\"height:59px\" aria-hidden=\"true\" class=\"wp-block-spacer\"><\/div>\n\n\n\n<p><\/p>\n\n\n\n<ol class=\"wp-block-list\" start=\"2\">\n<li class=\"has-large-font-size\"><strong>FINALIDADES Y LEGITIMACI\u00d3N DEL TRATAMIENTO<\/strong><\/li>\n<\/ol>\n\n\n\n<ul class=\"has-medium-font-size wp-block-list\">\n<li>Ofrecerle una mejor experiencia de Usuario a trav\u00e9s de mejoras que implantemos en la interfaz y operativa web<\/li>\n<\/ul>\n\n\n\n<ul class=\"has-medium-font-size wp-block-list\">\n<li>Enviarle comunicaciones informativas y\/o promocionales si Vd. facilita sus datos de contacto y consentimiento.<\/li>\n<\/ul>\n\n\n\n<div style=\"height:59px\" aria-hidden=\"true\" class=\"wp-block-spacer\"><\/div>\n\n\n\n<p><\/p>\n\n\n\n<ol class=\"wp-block-list\" start=\"3\">\n<li class=\"has-large-font-size\"><strong>PLAZOS DE CONSERVACI\u00d3N<\/strong><\/li>\n<\/ol>\n\n\n\n<p class=\"text has-medium-font-size\">Los datos proporcionados se conservar\u00e1n hasta que el Usuario solicite la supresi\u00f3n de sus datos. Una vez comunicado por parte del interesado la supresi\u00f3n de sus datos, se proceder\u00e1 a su bloqueo y posterior cancelaci\u00f3n en nuestros ficheros o devoluci\u00f3n al titular de los datos, seg\u00fan el caso, de los soportes en los que se recoja la informaci\u00f3n facilitada, sin que se admita la conservaci\u00f3n de copias de dicha informaci\u00f3n.<\/p>\n\n\n\n<div style=\"height:59px\" aria-hidden=\"true\" class=\"wp-block-spacer\"><\/div>\n\n\n\n<p><\/p>\n\n\n\n<ol class=\"wp-block-list\" start=\"4\">\n<li class=\"has-large-font-size\"><strong>COMUNICACI\u00d3N DE LAS DATOS A TERCEROS<\/strong><\/li>\n<\/ol>\n\n\n\n<p class=\"text has-medium-font-size\">Sus datos \u00fanicamente ser\u00e1n utilizados para los fines antes se\u00f1alados y no ser\u00e1n cedidos a terceros, salvo aquellas comunicaciones a las Autoridades, Organismos u Oficinas de las Administraciones P\u00fablicas que fueran consentidas por el Usuario o persona autorizada por \u00e9l\/ella para el adecuado cumplimiento de las obligaciones nacidas de los servicios prestados, o que resultaren preceptivas o autorizadas por Ley.<\/p>\n\n\n\n<div style=\"height:59px\" aria-hidden=\"true\" class=\"wp-block-spacer\"><\/div>\n\n\n\n<p><\/p>\n\n\n\n<ol class=\"wp-block-list\" start=\"5\">\n<li class=\"has-large-font-size\"><strong>DEBER DE CONFIDENCIALIDAD<\/strong><\/li>\n<\/ol>\n\n\n\n<p class=\"text has-medium-font-size\">El RESPTTO garantiza la confidencialidad de los datos personales que obren en sus ficheros y adoptar\u00e1 las medidas reglamentarias que eviten, en la medida de lo posible, su alteraci\u00f3n, p\u00e9rdida, tratamiento o acceso no autorizado.<\/p>\n\n\n\n<div style=\"height:59px\" aria-hidden=\"true\" class=\"wp-block-spacer\"><\/div>\n\n\n\n<p><\/p>\n\n\n\n<ol class=\"wp-block-list\" start=\"6\">\n<li class=\"has-large-font-size\"><strong>EJERCICIO DE DERECHOS<\/strong><\/li>\n<\/ol>\n\n\n\n<p class=\"text has-medium-font-size\">El Usuario tiene derecho a acceder a sus datos personales, rectificar los datos inexactos o solicitar su supresi\u00f3n cuando los datos ya no sean necesarios. En determinadas ocasiones los interesados podr\u00e1n solicitar la limitaci\u00f3n del tratamiento de sus datos, en cuyo caso \u00fanicamente los conservaremos para el ejercicio o la defensa de reclamaciones. El Usuario puede ejercitar sus derechos debiendo dirigir su petici\u00f3n por escrito e identific\u00e1nose suficientemente a la direcci\u00f3n electronica <a href=\"mailto:info@montanaclub.es\"><strong>info@montanaclub.es<\/strong>. <\/a>Tambi\u00e9n tiene derecho a retirar su consentimiento al tratamiento de sus datos personales en cualquier momento y a presentar la reclamaci\u00f3n que considere oportuna ante la Autoridad de Control.<\/p>\n\n\n\n<p class=\"text has-medium-font-size\"><\/p>\n<\/div>\n<\/div>\n\n\n\n<div style=\"height:80px\" aria-hidden=\"true\" class=\"wp-block-spacer\"><\/div>\n","protected":false},"excerpt":{"rendered":"<p>POL\u00cd<\/p>\n<p class=\"has-text-align-center container text has-text-color has-x-large-font-size\" style=\"color:#6cafc1\">POL\u00cdTICA DE PRIVACIDAD<\/p>\n<ol class=\"wp-block-list\">\n<li class=\"has-large-font-size\">IDENTIDAD DEL RESPONSABLE DEL TRATAMIENTO<\/li>\n<\/ol>\n<p class=\"text has-medium-font-size\">MERCOLA EXPLOTACIONES, S.L. con CIF B35391655, en adelante el RESPTTO, con domicilio en Puerto del Carmen-Lanzarote (Las Palmas), en C\/ Tim\u00f3n n\u00ba 3, y correo electr\u00f3nico <a href=\"mailto:info@montanaclub.es\">info@montanaclub.es,<\/a> es el Titular de \u00e9sta Web y Responsable del Tratamiento de Datos Personales del Usuario y le informa que la informaci\u00f3n facilitada ser\u00e1 tratada de conformidad con lo dispuesto por el Reglamento UE de Protecci\u00f3n de Datos 679\/2016 y la Ley Org\u00e1nica 3\/2018 de Protecci\u00f3n de Datos Personales y garant\u00eda de los derechos digitales),<\/p>\n<p>[&#8230;]<\/p>\n","protected":false},"author":2,"featured_media":0,"parent":0,"menu_order":0,"comment_status":"closed","ping_status":"closed","template":"page-templates\/home.php","meta":{"_acf_changed":false,"inline_featured_image":false,"footnotes":""},"class_list":["post-2773","page","type-page","status-publish","hentry"],"acf":[],"yoast_head":"<!-- This site is optimized with the Yoast SEO plugin v27.5 - https:\/\/yoast.com\/product\/yoast-seo-wordpress\/ -->\n<title>Privacy policy - Montana Club<\/title>\n<meta name=\"robots\" content=\"index, follow, max-snippet:-1, max-image-preview:large, max-video-preview:-1\" \/>\n<link rel=\"canonical\" href=\"https:\/\/montanaclub.es\/en\/privacy-policy\/\" \/>\n<meta property=\"og:locale\" content=\"en_US\" \/>\n<meta property=\"og:type\" content=\"article\" \/>\n<meta property=\"og:title\" content=\"Privacy policy - Montana Club\" \/>\n<meta property=\"og:description\" content=\"POL\u00cd  POL\u00cdTICA DE PRIVACIDAD     IDENTIDAD DEL RESPONSABLE DEL TRATAMIENTO   MERCOLA EXPLOTACIONES, S.L. con CIF B35391655, en adelante el RESPTTO, con domicilio en Puerto del Carmen-Lanzarote (Las Palmas), en C\/ Tim\u00f3n n\u00ba 3, y correo electr\u00f3nico info@montanaclub.es, es el Titular de \u00e9sta Web y Responsable del Tratamiento de Datos Personales del Usuario y le informa que la informaci\u00f3n facilitada ser\u00e1 tratada de conformidad con lo dispuesto por el Reglamento UE de Protecci\u00f3n de Datos 679\/2016 y la Ley Org\u00e1nica 3\/2018 de Protecci\u00f3n de Datos Personales y garant\u00eda de los derechos digitales),[...]\" \/>\n<meta property=\"og:url\" content=\"https:\/\/montanaclub.es\/en\/privacy-policy\/\" \/>\n<meta property=\"og:site_name\" content=\"Montana Club\" \/>\n<meta property=\"article:modified_time\" content=\"2023-06-15T06:31:08+00:00\" \/>\n<meta property=\"og:image\" content=\"https:\/\/montanaclub.es\/wp-content\/uploads\/2023\/07\/Gracias-415-\u00d7-293-px-325-\u00d7-465-px.jpg\" \/>\n\t<meta property=\"og:image:width\" content=\"325\" \/>\n\t<meta property=\"og:image:height\" content=\"465\" \/>\n\t<meta property=\"og:image:type\" content=\"image\/jpeg\" \/>\n<meta name=\"twitter:card\" content=\"summary_large_image\" \/>\n<meta name=\"twitter:label1\" content=\"Est. reading time\" \/>\n\t<meta name=\"twitter:data1\" content=\"2 minutes\" \/>\n<script type=\"application\/ld+json\" class=\"yoast-schema-graph\">{\"@context\":\"https:\\\/\\\/schema.org\",\"@graph\":[{\"@type\":\"WebPage\",\"@id\":\"https:\\\/\\\/montanaclub.es\\\/en\\\/privacy-policy\\\/\",\"url\":\"https:\\\/\\\/montanaclub.es\\\/en\\\/privacy-policy\\\/\",\"name\":\"Privacy policy - Montana Club\",\"isPartOf\":{\"@id\":\"https:\\\/\\\/montanaclub.es\\\/en\\\/#website\"},\"datePublished\":\"2022-05-17T11:25:20+00:00\",\"dateModified\":\"2023-06-15T06:31:08+00:00\",\"breadcrumb\":{\"@id\":\"https:\\\/\\\/montanaclub.es\\\/en\\\/privacy-policy\\\/#breadcrumb\"},\"inLanguage\":\"en-US\",\"potentialAction\":[{\"@type\":\"ReadAction\",\"target\":[\"https:\\\/\\\/montanaclub.es\\\/en\\\/privacy-policy\\\/\"]}]},{\"@type\":\"BreadcrumbList\",\"@id\":\"https:\\\/\\\/montanaclub.es\\\/en\\\/privacy-policy\\\/#breadcrumb\",\"itemListElement\":[{\"@type\":\"ListItem\",\"position\":1,\"name\":\"Portada\",\"item\":\"https:\\\/\\\/montanaclub.es\\\/en\\\/\"},{\"@type\":\"ListItem\",\"position\":2,\"name\":\"Privacy policy\"}]},{\"@type\":\"WebSite\",\"@id\":\"https:\\\/\\\/montanaclub.es\\\/en\\\/#website\",\"url\":\"https:\\\/\\\/montanaclub.es\\\/en\\\/\",\"name\":\"Montana Club\",\"description\":\"Discover Lanzarote Hotels in Puerto del Carmen, next to beaches, leisure areas and restaurants. Do not miss the chance to meet Montana Club!\",\"publisher\":{\"@id\":\"https:\\\/\\\/montanaclub.es\\\/en\\\/#organization\"},\"alternateName\":\"Suites del Hotel Montana Club - Confort y Elegancia en Lanzarote\",\"potentialAction\":[{\"@type\":\"SearchAction\",\"target\":{\"@type\":\"EntryPoint\",\"urlTemplate\":\"https:\\\/\\\/montanaclub.es\\\/en\\\/?s={search_term_string}\"},\"query-input\":{\"@type\":\"PropertyValueSpecification\",\"valueRequired\":true,\"valueName\":\"search_term_string\"}}],\"inLanguage\":\"en-US\"},{\"@type\":\"Organization\",\"@id\":\"https:\\\/\\\/montanaclub.es\\\/en\\\/#organization\",\"name\":\"Hotel Montana Club\",\"alternateName\":\"Suites del Hotel Montana Club - Confort y Elegancia en Lanzarote\",\"url\":\"https:\\\/\\\/montanaclub.es\\\/en\\\/\",\"logo\":{\"@type\":\"ImageObject\",\"inLanguage\":\"en-US\",\"@id\":\"https:\\\/\\\/montanaclub.es\\\/en\\\/#\\\/schema\\\/logo\\\/image\\\/\",\"url\":\"https:\\\/\\\/montanaclub.es\\\/wp-content\\\/uploads\\\/2023\\\/05\\\/LOGO-MONTANA-SUITE-HOTEL-2023-sin-fondo-5.png\",\"contentUrl\":\"https:\\\/\\\/montanaclub.es\\\/wp-content\\\/uploads\\\/2023\\\/05\\\/LOGO-MONTANA-SUITE-HOTEL-2023-sin-fondo-5.png\",\"width\":1173,\"height\":1080,\"caption\":\"Hotel Montana Club\"},\"image\":{\"@id\":\"https:\\\/\\\/montanaclub.es\\\/en\\\/#\\\/schema\\\/logo\\\/image\\\/\"}}]}<\/script>\n<!-- \/ Yoast SEO plugin. -->","yoast_head_json":{"title":"Privacy policy - Montana Club","robots":{"index":"index","follow":"follow","max-snippet":"max-snippet:-1","max-image-preview":"max-image-preview:large","max-video-preview":"max-video-preview:-1"},"canonical":"https:\/\/montanaclub.es\/en\/privacy-policy\/","og_locale":"en_US","og_type":"article","og_title":"Privacy policy - Montana Club","og_description":"POL\u00cd  POL\u00cdTICA DE PRIVACIDAD     IDENTIDAD DEL RESPONSABLE DEL TRATAMIENTO   MERCOLA EXPLOTACIONES, S.L. con CIF B35391655, en adelante el RESPTTO, con domicilio en Puerto del Carmen-Lanzarote (Las Palmas), en C\/ Tim\u00f3n n\u00ba 3, y correo electr\u00f3nico info@montanaclub.es, es el Titular de \u00e9sta Web y Responsable del Tratamiento de Datos Personales del Usuario y le informa que la informaci\u00f3n facilitada ser\u00e1 tratada de conformidad con lo dispuesto por el Reglamento UE de Protecci\u00f3n de Datos 679\/2016 y la Ley Org\u00e1nica 3\/2018 de Protecci\u00f3n de Datos Personales y garant\u00eda de los derechos digitales),[...]","og_url":"https:\/\/montanaclub.es\/en\/privacy-policy\/","og_site_name":"Montana Club","article_modified_time":"2023-06-15T06:31:08+00:00","og_image":[{"width":325,"height":465,"url":"https:\/\/montanaclub.es\/wp-content\/uploads\/2023\/07\/Gracias-415-\u00d7-293-px-325-\u00d7-465-px.jpg","type":"image\/jpeg"}],"twitter_card":"summary_large_image","twitter_misc":{"Est. reading time":"2 minutes"},"schema":{"@context":"https:\/\/schema.org","@graph":[{"@type":"WebPage","@id":"https:\/\/montanaclub.es\/en\/privacy-policy\/","url":"https:\/\/montanaclub.es\/en\/privacy-policy\/","name":"Privacy policy - Montana Club","isPartOf":{"@id":"https:\/\/montanaclub.es\/en\/#website"},"datePublished":"2022-05-17T11:25:20+00:00","dateModified":"2023-06-15T06:31:08+00:00","breadcrumb":{"@id":"https:\/\/montanaclub.es\/en\/privacy-policy\/#breadcrumb"},"inLanguage":"en-US","potentialAction":[{"@type":"ReadAction","target":["https:\/\/montanaclub.es\/en\/privacy-policy\/"]}]},{"@type":"BreadcrumbList","@id":"https:\/\/montanaclub.es\/en\/privacy-policy\/#breadcrumb","itemListElement":[{"@type":"ListItem","position":1,"name":"Portada","item":"https:\/\/montanaclub.es\/en\/"},{"@type":"ListItem","position":2,"name":"Privacy policy"}]},{"@type":"WebSite","@id":"https:\/\/montanaclub.es\/en\/#website","url":"https:\/\/montanaclub.es\/en\/","name":"Montana Club","description":"Discover Lanzarote Hotels in Puerto del Carmen, next to beaches, leisure areas and restaurants. Do not miss the chance to meet Montana Club!","publisher":{"@id":"https:\/\/montanaclub.es\/en\/#organization"},"alternateName":"Suites del Hotel Montana Club - Confort y Elegancia en Lanzarote","potentialAction":[{"@type":"SearchAction","target":{"@type":"EntryPoint","urlTemplate":"https:\/\/montanaclub.es\/en\/?s={search_term_string}"},"query-input":{"@type":"PropertyValueSpecification","valueRequired":true,"valueName":"search_term_string"}}],"inLanguage":"en-US"},{"@type":"Organization","@id":"https:\/\/montanaclub.es\/en\/#organization","name":"Hotel Montana Club","alternateName":"Suites del Hotel Montana Club - Confort y Elegancia en Lanzarote","url":"https:\/\/montanaclub.es\/en\/","logo":{"@type":"ImageObject","inLanguage":"en-US","@id":"https:\/\/montanaclub.es\/en\/#\/schema\/logo\/image\/","url":"https:\/\/montanaclub.es\/wp-content\/uploads\/2023\/05\/LOGO-MONTANA-SUITE-HOTEL-2023-sin-fondo-5.png","contentUrl":"https:\/\/montanaclub.es\/wp-content\/uploads\/2023\/05\/LOGO-MONTANA-SUITE-HOTEL-2023-sin-fondo-5.png","width":1173,"height":1080,"caption":"Hotel Montana Club"},"image":{"@id":"https:\/\/montanaclub.es\/en\/#\/schema\/logo\/image\/"}}]}},"_links":{"self":[{"href":"https:\/\/montanaclub.es\/en\/wp-json\/wp\/v2\/pages\/2773","targetHints":{"allow":["GET"]}}],"collection":[{"href":"https:\/\/montanaclub.es\/en\/wp-json\/wp\/v2\/pages"}],"about":[{"href":"https:\/\/montanaclub.es\/en\/wp-json\/wp\/v2\/types\/page"}],"author":[{"embeddable":true,"href":"https:\/\/montanaclub.es\/en\/wp-json\/wp\/v2\/users\/2"}],"replies":[{"embeddable":true,"href":"https:\/\/montanaclub.es\/en\/wp-json\/wp\/v2\/comments?post=2773"}],"version-history":[{"count":1,"href":"https:\/\/montanaclub.es\/en\/wp-json\/wp\/v2\/pages\/2773\/revisions"}],"predecessor-version":[{"id":2775,"href":"https:\/\/montanaclub.es\/en\/wp-json\/wp\/v2\/pages\/2773\/revisions\/2775"}],"wp:attachment":[{"href":"https:\/\/montanaclub.es\/en\/wp-json\/wp\/v2\/media?parent=2773"}],"curies":[{"name":"wp","href":"https:\/\/api.w.org\/{rel}","templated":true}]}}