{"id":2769,"date":"2023-05-18T13:32:31","date_gmt":"2023-05-18T13:32:31","guid":{"rendered":"https:\/\/montanaclub.es\/politica-de-cookies\/"},"modified":"2023-06-15T06:30:16","modified_gmt":"2023-06-15T06:30:16","slug":"cookies-policy","status":"publish","type":"page","link":"https:\/\/montanaclub.es\/en\/cookies-policy\/","title":{"rendered":"Cookies policy"},"content":{"rendered":"\n<div class=\"wp-block-columns container text is-layout-flex wp-container-core-columns-is-layout-9d6595d7 wp-block-columns-is-layout-flex\">\n<div class=\"wp-block-column text is-layout-flow wp-block-column-is-layout-flow\">\n<h2 class=\"wp-block-heading has-text-color has-large-font-size\" style=\"color:#6cafc100\">POL\u00cd<\/h2>\n\n\n\n<p class=\"has-text-align-center container text has-text-color has-x-large-font-size\" style=\"color:#6cafc1\"><strong>POL\u00cdTICA DE COOKIES<\/strong><\/p>\n\n\n\n<div style=\"height:63px\" aria-hidden=\"true\" class=\"wp-block-spacer\"><\/div>\n\n\n\n<ol class=\"wp-block-list\">\n<li class=\"has-large-font-size\">\u00bf QU\u00c9 SON LAS COOKIES ?<\/li>\n<\/ol>\n\n\n\n<p class=\"text has-medium-font-size\">Las Cookies son peque\u00f1os archivos que se instalan en el terminal del USUARIO al visitar un sitio web con la finalidad de almacenar datos que podr\u00e1n ser actualizados y recuperados por el responsable de su instalaci\u00f3n. Si el USUARIO no se registra ni deja informaci\u00f3n personal en el sitio, el servidor tendr\u00e1 conocimiento de que alguien con esa cookie regres\u00f3 al sitio web pero le ser\u00e1 imposible asociar la navegaci\u00f3n a un USUARIO concreto e identificado.<\/p>\n\n\n\n<p class=\"text has-medium-font-size\">Las Cookies son peque\u00f1os archivos que se instalan en el terminal del USUARIO al visitar un sitio web con la finalidad de almacenar datos que podr\u00e1n ser actualizados y recuperados por el responsable de su instalaci\u00f3n. Si el USUARIO no se registra ni deja informaci\u00f3n personal en el sitio, el servidor tendr\u00e1 conocimiento de que alguien con esa cookie regres\u00f3 al sitio web pero le ser\u00e1 imposible asociar la navegaci\u00f3n a un USUARIO concreto e identificado.<\/p>\n\n\n\n<div style=\"height:63px\" aria-hidden=\"true\" class=\"wp-block-spacer\"><\/div>\n\n\n\n<ol class=\"wp-block-list\" start=\"2\">\n<li class=\"has-large-font-size\">\u00bf QU\u00c9 CLASES DE COOKIES EXISTEN ?<\/li>\n<\/ol>\n\n\n\n<p class=\"text has-medium-font-size\">Las Cookies, en funci\u00f3n de su caducidad, pueden clasificarse en Cookies de sesi\u00f3n o permanentes. Las primeras expiran cuando el usuario cierra el navegador mientras que las segundas permanecen por un tiempo superior durante el cual los datos siguen almacenados en el terminal y pueden ser accedidos y tratados.<\/p>\n\n\n\n<p class=\"text has-medium-font-size\">Tambi\u00e9n se pueden distinguir seg\u00fan la entidad que gestione el equipo o dominio desde donde se env\u00edan las Cookies y se traten los datos que se obtengan. En este caso, se clasifican como:<\/p>\n\n\n\n<ul class=\"wp-block-list\">\n<li>Cookies propias: aquellas que se env\u00edan al equipo terminal del Usuario desde un equipo o dominio gestionado por el Titular de la Web y desde el que se presta el servicio solicitado por el propio Usuario.<\/li>\n\n\n\n<li class=\"text has-medium-font-size\">Cookies de tercero: aquellas que son enviadas al equipo terminal del Usuario desde un equipo o domino que no es gestionado por el Titular de la Web, sino por otra entidad que trata los datos obtenidos a trav\u00e9s de las Cookies.<\/li>\n<\/ul>\n\n\n\n<div style=\"height:63px\" aria-hidden=\"true\" class=\"wp-block-spacer\"><\/div>\n\n\n\n<p class=\"text has-medium-font-size\">Las Cookies tambi\u00e9n se pueden clasificar en funci\u00f3n de su objetivo y por tanto podemos hablar de:<\/p>\n\n\n\n<ul class=\"wp-block-list\">\n<li class=\"text has-medium-font-size\">Cookies T\u00e9cnicas: permiten al Usuario la navegaci\u00f3n a trav\u00e9s de una p\u00e1gina web, plataforma o aplicaci\u00f3n y la utilizaci\u00f3n de las diferentes opciones o servicios que en ella existan como, por ejemplo, controlar el tr\u00e1fico y la comunicaci\u00f3n de datos, identificar la sesi\u00f3n o realizar el proceso de compra de un pedido.<\/li>\n\n\n\n<li class=\"text has-medium-font-size\">Cookies de Personalizaci\u00f3n: permiten al Usuario acceder al servicio con algunas caracter\u00edsticas de car\u00e1cter general predefinidas en funci\u00f3n de una serie de criterios en el terminal del usuario como por ejemplo el idioma o el tipo de navegador.<\/li>\n\n\n\n<li class=\"text has-medium-font-size\">Cookies Anal\u00edticas: permiten al responsable de las mismas, el seguimiento y an\u00e1lisis del comportamiento de los usuarios de los sitios web a los que est\u00e1n vinculadas. La informaci\u00f3n recabada se utiliza en la medici\u00f3n de la actividad de los sitios web, aplicaci\u00f3n o plataforma y para la elaboraci\u00f3n de perfiles de navegaci\u00f3n de los usuarios de dichos sitios, aplicaciones y plataformas, con el fin de introducir mejoras en funci\u00f3n del an\u00e1lisis de los datos que hacen los usuarios del servicio.<\/li>\n\n\n\n<li class=\"text has-medium-font-size\">Cookies Publicitarias: permiten la gesti\u00f3n, de la forma m\u00e1s eficaz posible de los espacios publicitarios que, en su caso, el editor haya incluido en una p\u00e1gina web, aplicaci\u00f3n o plataforma desde la que presta el servicio solicitado en base a criterios como el contenido editado o la frecuencia en la que se muestran los anuncios.<\/li>\n<\/ul>\n\n\n\n<div style=\"height:63px\" aria-hidden=\"true\" class=\"wp-block-spacer\"><\/div>\n\n\n\n<ol class=\"wp-block-list\" start=\"3\">\n<li class=\"has-large-font-size\">\u00bf C\u00d3MO DESACTIVAR O ELIMINAR COOKIES ?<\/li>\n<\/ol>\n\n\n\n<p class=\"text has-medium-font-size\">El Usuario podr\u00e1 configurar su navegador para que no se instalen cookies o para recibir un aviso en pantalla cada vez que una cookie quiera instalarse, pudiendo decidir en cada momento si la quiere aceptar o no. Igualmente el usuario podr\u00e1 decidir posteriormente eliminar las cookies que tenga instaladas cambiando la configuraci\u00f3n de su navegador o<\/p>\n\n\n\n<p class=\"text has-medium-font-size\">elimin\u00e1ndolas manualmente a trav\u00e9s del mismo. Tenga en cuenta que la eliminaci\u00f3n de las cookies puede suponer una disminuci\u00f3n en la calidad o en las funcionalidades de la p\u00e1gina web. Para realizar est\u00e1s operaciones, debe seguir las indicaciones del navegador que Vd. utilice:<\/p>\n\n\n\n<p class=\"has-medium-font-size\">Google Chrome: http:\/\/bit.ly\/2yxQv5L<\/p>\n\n\n\n<p class=\"has-medium-font-size\">Mozilla Firefox: https:\/\/mzl.la\/2IiAiB6<\/p>\n\n\n\n<p class=\"has-medium-font-size\">Safari: https:\/\/apple.co\/2KhESEK<\/p>\n\n\n\n<div style=\"height:63px\" aria-hidden=\"true\" class=\"wp-block-spacer\"><\/div>\n\n\n\n<ol class=\"wp-block-list\" start=\"4\">\n<li class=\"has-large-font-size\">\u00bf QU\u00c9 COOKIES USA \u00c9STE SITIO WEB ?<\/li>\n<\/ol>\n\n\n\n<p class=\"text has-medium-font-size\">El sitio web www.montanaclub.es utiliza las siguientes Cookies:<\/p>\n\n\n\n<div style=\"height:63px\" aria-hidden=\"true\" class=\"wp-block-spacer\"><\/div>\n\n\n<div class=\"wp-bootstrap-blocks-row row\">\n\t\n\n<div class=\"col-12 col-md-12\">\n\t\t\t\n\n<figure class=\"wp-block-image size-full\"><img loading=\"lazy\" decoding=\"async\" width=\"945\" height=\"846\" src=\"https:\/\/montanaclub.es\/wp-content\/uploads\/2023\/06\/Montana-Club-textos-legales-2-7_page-0001-1.jpg\" alt=\"\" class=\"wp-image-2751\" srcset=\"https:\/\/montanaclub.es\/wp-content\/uploads\/2023\/06\/Montana-Club-textos-legales-2-7_page-0001-1.jpg 945w, https:\/\/montanaclub.es\/wp-content\/uploads\/2023\/06\/Montana-Club-textos-legales-2-7_page-0001-1-300x269.jpg 300w, https:\/\/montanaclub.es\/wp-content\/uploads\/2023\/06\/Montana-Club-textos-legales-2-7_page-0001-1-768x688.jpg 768w\" sizes=\"auto, (max-width: 945px) 100vw, 945px\" \/><\/figure>\n\n\t<\/div>\n\n<\/div>\n\n\n\n<p><\/p>\n<\/div>\n<\/div>\n","protected":false},"excerpt":{"rendered":"<p>POL\u00cd<\/p>\n<p class=\"has-text-align-center container text has-text-color has-x-large-font-size\" style=\"color:#6cafc1\">POL\u00cdTICA DE COOKIES<\/p>\n<ol class=\"wp-block-list\">\n<li class=\"has-large-font-size\">\u00bf QU\u00c9 SON LAS COOKIES ?<\/li>\n<\/ol>\n<p class=\"text has-medium-font-size\">Las Cookies son peque\u00f1os archivos que se instalan en el terminal del USUARIO al visitar un sitio web con la finalidad de almacenar datos que podr\u00e1n ser actualizados y recuperados por el responsable de su instalaci\u00f3n.<\/p>\n<p>[&#8230;]<\/p>\n","protected":false},"author":2,"featured_media":0,"parent":0,"menu_order":0,"comment_status":"closed","ping_status":"closed","template":"page-templates\/home.php","meta":{"_acf_changed":false,"inline_featured_image":false,"footnotes":""},"class_list":["post-2769","page","type-page","status-publish","hentry"],"acf":[],"yoast_head":"<!-- This site is optimized with the Yoast SEO plugin v27.4 - https:\/\/yoast.com\/product\/yoast-seo-wordpress\/ -->\n<title>Cookies policy - Montana Club<\/title>\n<meta name=\"robots\" content=\"index, follow, max-snippet:-1, max-image-preview:large, max-video-preview:-1\" \/>\n<link rel=\"canonical\" href=\"https:\/\/montanaclub.es\/en\/cookies-policy\/\" \/>\n<meta property=\"og:locale\" content=\"en_US\" \/>\n<meta property=\"og:type\" content=\"article\" \/>\n<meta property=\"og:title\" content=\"Cookies policy - Montana Club\" \/>\n<meta property=\"og:description\" content=\"POL\u00cd  POL\u00cdTICA DE COOKIES     \u00bf QU\u00c9 SON LAS COOKIES ?   Las Cookies son peque\u00f1os archivos que se instalan en el terminal del USUARIO al visitar un sitio web con la finalidad de almacenar datos que podr\u00e1n ser actualizados y recuperados por el responsable de su instalaci\u00f3n.[...]\" \/>\n<meta property=\"og:url\" content=\"https:\/\/montanaclub.es\/en\/cookies-policy\/\" \/>\n<meta property=\"og:site_name\" content=\"Montana Club\" \/>\n<meta property=\"article:modified_time\" content=\"2023-06-15T06:30:16+00:00\" \/>\n<meta property=\"og:image\" content=\"https:\/\/montanaclub.es\/wp-content\/uploads\/2023\/06\/Montana-Club-textos-legales-2-7_page-0001-1.jpg\" \/>\n<meta name=\"twitter:card\" content=\"summary_large_image\" \/>\n<meta name=\"twitter:label1\" content=\"Est. reading time\" \/>\n\t<meta name=\"twitter:data1\" content=\"4 minutes\" \/>\n<script type=\"application\/ld+json\" class=\"yoast-schema-graph\">{\"@context\":\"https:\\\/\\\/schema.org\",\"@graph\":[{\"@type\":\"WebPage\",\"@id\":\"https:\\\/\\\/montanaclub.es\\\/en\\\/cookies-policy\\\/\",\"url\":\"https:\\\/\\\/montanaclub.es\\\/en\\\/cookies-policy\\\/\",\"name\":\"Cookies policy - Montana Club\",\"isPartOf\":{\"@id\":\"https:\\\/\\\/montanaclub.es\\\/en\\\/#website\"},\"primaryImageOfPage\":{\"@id\":\"https:\\\/\\\/montanaclub.es\\\/en\\\/cookies-policy\\\/#primaryimage\"},\"image\":{\"@id\":\"https:\\\/\\\/montanaclub.es\\\/en\\\/cookies-policy\\\/#primaryimage\"},\"thumbnailUrl\":\"https:\\\/\\\/montanaclub.es\\\/wp-content\\\/uploads\\\/2023\\\/06\\\/Montana-Club-textos-legales-2-7_page-0001-1.jpg\",\"datePublished\":\"2023-05-18T13:32:31+00:00\",\"dateModified\":\"2023-06-15T06:30:16+00:00\",\"breadcrumb\":{\"@id\":\"https:\\\/\\\/montanaclub.es\\\/en\\\/cookies-policy\\\/#breadcrumb\"},\"inLanguage\":\"en-US\",\"potentialAction\":[{\"@type\":\"ReadAction\",\"target\":[\"https:\\\/\\\/montanaclub.es\\\/en\\\/cookies-policy\\\/\"]}]},{\"@type\":\"ImageObject\",\"inLanguage\":\"en-US\",\"@id\":\"https:\\\/\\\/montanaclub.es\\\/en\\\/cookies-policy\\\/#primaryimage\",\"url\":\"https:\\\/\\\/montanaclub.es\\\/wp-content\\\/uploads\\\/2023\\\/06\\\/Montana-Club-textos-legales-2-7_page-0001-1.jpg\",\"contentUrl\":\"https:\\\/\\\/montanaclub.es\\\/wp-content\\\/uploads\\\/2023\\\/06\\\/Montana-Club-textos-legales-2-7_page-0001-1.jpg\"},{\"@type\":\"BreadcrumbList\",\"@id\":\"https:\\\/\\\/montanaclub.es\\\/en\\\/cookies-policy\\\/#breadcrumb\",\"itemListElement\":[{\"@type\":\"ListItem\",\"position\":1,\"name\":\"Portada\",\"item\":\"https:\\\/\\\/montanaclub.es\\\/en\\\/\"},{\"@type\":\"ListItem\",\"position\":2,\"name\":\"Cookies policy\"}]},{\"@type\":\"WebSite\",\"@id\":\"https:\\\/\\\/montanaclub.es\\\/en\\\/#website\",\"url\":\"https:\\\/\\\/montanaclub.es\\\/en\\\/\",\"name\":\"Montana Club\",\"description\":\"Discover Lanzarote Hotels in Puerto del Carmen, next to beaches, leisure areas and restaurants. Do not miss the chance to meet Montana Club!\",\"publisher\":{\"@id\":\"https:\\\/\\\/montanaclub.es\\\/en\\\/#organization\"},\"alternateName\":\"Suites del Hotel Montana Club - Confort y Elegancia en Lanzarote\",\"potentialAction\":[{\"@type\":\"SearchAction\",\"target\":{\"@type\":\"EntryPoint\",\"urlTemplate\":\"https:\\\/\\\/montanaclub.es\\\/en\\\/?s={search_term_string}\"},\"query-input\":{\"@type\":\"PropertyValueSpecification\",\"valueRequired\":true,\"valueName\":\"search_term_string\"}}],\"inLanguage\":\"en-US\"},{\"@type\":\"Organization\",\"@id\":\"https:\\\/\\\/montanaclub.es\\\/en\\\/#organization\",\"name\":\"Hotel Montana Club\",\"alternateName\":\"Suites del Hotel Montana Club - Confort y Elegancia en Lanzarote\",\"url\":\"https:\\\/\\\/montanaclub.es\\\/en\\\/\",\"logo\":{\"@type\":\"ImageObject\",\"inLanguage\":\"en-US\",\"@id\":\"https:\\\/\\\/montanaclub.es\\\/en\\\/#\\\/schema\\\/logo\\\/image\\\/\",\"url\":\"https:\\\/\\\/montanaclub.es\\\/wp-content\\\/uploads\\\/2023\\\/05\\\/LOGO-MONTANA-SUITE-HOTEL-2023-sin-fondo-5.png\",\"contentUrl\":\"https:\\\/\\\/montanaclub.es\\\/wp-content\\\/uploads\\\/2023\\\/05\\\/LOGO-MONTANA-SUITE-HOTEL-2023-sin-fondo-5.png\",\"width\":1173,\"height\":1080,\"caption\":\"Hotel Montana Club\"},\"image\":{\"@id\":\"https:\\\/\\\/montanaclub.es\\\/en\\\/#\\\/schema\\\/logo\\\/image\\\/\"}}]}<\/script>\n<!-- \/ Yoast SEO plugin. -->","yoast_head_json":{"title":"Cookies policy - Montana Club","robots":{"index":"index","follow":"follow","max-snippet":"max-snippet:-1","max-image-preview":"max-image-preview:large","max-video-preview":"max-video-preview:-1"},"canonical":"https:\/\/montanaclub.es\/en\/cookies-policy\/","og_locale":"en_US","og_type":"article","og_title":"Cookies policy - Montana Club","og_description":"POL\u00cd  POL\u00cdTICA DE COOKIES     \u00bf QU\u00c9 SON LAS COOKIES ?   Las Cookies son peque\u00f1os archivos que se instalan en el terminal del USUARIO al visitar un sitio web con la finalidad de almacenar datos que podr\u00e1n ser actualizados y recuperados por el responsable de su instalaci\u00f3n.[...]","og_url":"https:\/\/montanaclub.es\/en\/cookies-policy\/","og_site_name":"Montana Club","article_modified_time":"2023-06-15T06:30:16+00:00","og_image":[{"url":"https:\/\/montanaclub.es\/wp-content\/uploads\/2023\/06\/Montana-Club-textos-legales-2-7_page-0001-1.jpg","type":"","width":"","height":""}],"twitter_card":"summary_large_image","twitter_misc":{"Est. reading time":"4 minutes"},"schema":{"@context":"https:\/\/schema.org","@graph":[{"@type":"WebPage","@id":"https:\/\/montanaclub.es\/en\/cookies-policy\/","url":"https:\/\/montanaclub.es\/en\/cookies-policy\/","name":"Cookies policy - Montana Club","isPartOf":{"@id":"https:\/\/montanaclub.es\/en\/#website"},"primaryImageOfPage":{"@id":"https:\/\/montanaclub.es\/en\/cookies-policy\/#primaryimage"},"image":{"@id":"https:\/\/montanaclub.es\/en\/cookies-policy\/#primaryimage"},"thumbnailUrl":"https:\/\/montanaclub.es\/wp-content\/uploads\/2023\/06\/Montana-Club-textos-legales-2-7_page-0001-1.jpg","datePublished":"2023-05-18T13:32:31+00:00","dateModified":"2023-06-15T06:30:16+00:00","breadcrumb":{"@id":"https:\/\/montanaclub.es\/en\/cookies-policy\/#breadcrumb"},"inLanguage":"en-US","potentialAction":[{"@type":"ReadAction","target":["https:\/\/montanaclub.es\/en\/cookies-policy\/"]}]},{"@type":"ImageObject","inLanguage":"en-US","@id":"https:\/\/montanaclub.es\/en\/cookies-policy\/#primaryimage","url":"https:\/\/montanaclub.es\/wp-content\/uploads\/2023\/06\/Montana-Club-textos-legales-2-7_page-0001-1.jpg","contentUrl":"https:\/\/montanaclub.es\/wp-content\/uploads\/2023\/06\/Montana-Club-textos-legales-2-7_page-0001-1.jpg"},{"@type":"BreadcrumbList","@id":"https:\/\/montanaclub.es\/en\/cookies-policy\/#breadcrumb","itemListElement":[{"@type":"ListItem","position":1,"name":"Portada","item":"https:\/\/montanaclub.es\/en\/"},{"@type":"ListItem","position":2,"name":"Cookies policy"}]},{"@type":"WebSite","@id":"https:\/\/montanaclub.es\/en\/#website","url":"https:\/\/montanaclub.es\/en\/","name":"Montana Club","description":"Discover Lanzarote Hotels in Puerto del Carmen, next to beaches, leisure areas and restaurants. Do not miss the chance to meet Montana Club!","publisher":{"@id":"https:\/\/montanaclub.es\/en\/#organization"},"alternateName":"Suites del Hotel Montana Club - Confort y Elegancia en Lanzarote","potentialAction":[{"@type":"SearchAction","target":{"@type":"EntryPoint","urlTemplate":"https:\/\/montanaclub.es\/en\/?s={search_term_string}"},"query-input":{"@type":"PropertyValueSpecification","valueRequired":true,"valueName":"search_term_string"}}],"inLanguage":"en-US"},{"@type":"Organization","@id":"https:\/\/montanaclub.es\/en\/#organization","name":"Hotel Montana Club","alternateName":"Suites del Hotel Montana Club - Confort y Elegancia en Lanzarote","url":"https:\/\/montanaclub.es\/en\/","logo":{"@type":"ImageObject","inLanguage":"en-US","@id":"https:\/\/montanaclub.es\/en\/#\/schema\/logo\/image\/","url":"https:\/\/montanaclub.es\/wp-content\/uploads\/2023\/05\/LOGO-MONTANA-SUITE-HOTEL-2023-sin-fondo-5.png","contentUrl":"https:\/\/montanaclub.es\/wp-content\/uploads\/2023\/05\/LOGO-MONTANA-SUITE-HOTEL-2023-sin-fondo-5.png","width":1173,"height":1080,"caption":"Hotel Montana Club"},"image":{"@id":"https:\/\/montanaclub.es\/en\/#\/schema\/logo\/image\/"}}]}},"_links":{"self":[{"href":"https:\/\/montanaclub.es\/en\/wp-json\/wp\/v2\/pages\/2769","targetHints":{"allow":["GET"]}}],"collection":[{"href":"https:\/\/montanaclub.es\/en\/wp-json\/wp\/v2\/pages"}],"about":[{"href":"https:\/\/montanaclub.es\/en\/wp-json\/wp\/v2\/types\/page"}],"author":[{"embeddable":true,"href":"https:\/\/montanaclub.es\/en\/wp-json\/wp\/v2\/users\/2"}],"replies":[{"embeddable":true,"href":"https:\/\/montanaclub.es\/en\/wp-json\/wp\/v2\/comments?post=2769"}],"version-history":[{"count":1,"href":"https:\/\/montanaclub.es\/en\/wp-json\/wp\/v2\/pages\/2769\/revisions"}],"predecessor-version":[{"id":2771,"href":"https:\/\/montanaclub.es\/en\/wp-json\/wp\/v2\/pages\/2769\/revisions\/2771"}],"wp:attachment":[{"href":"https:\/\/montanaclub.es\/en\/wp-json\/wp\/v2\/media?parent=2769"}],"curies":[{"name":"wp","href":"https:\/\/api.w.org\/{rel}","templated":true}]}}