{"id":744,"date":"2023-03-27T11:07:29","date_gmt":"2023-03-27T11:07:29","guid":{"rendered":"https:\/\/montanaclub.es\/home-new\/"},"modified":"2025-05-07T13:42:56","modified_gmt":"2025-05-07T13:42:56","slug":"suite-hotel-montana-club","status":"publish","type":"page","link":"https:\/\/montanaclub.es\/de\/","title":{"rendered":"Suite Hotel Montana Club"},"content":{"rendered":"\n<style type=\"text\/css\">\n\t#bloque-s-caracteristicas-block_13cefa87c3b2eb6a204e81fcc6955288 {\n\t\t\/* Add styles that use ACF values here *\/\n\t}\n<\/style>\n\n\n<section id=\"bloque-s-caracteristicas-block_13cefa87c3b2eb6a204e81fcc6955288\" class=\"container-fluid bg p-0 block-bloque-s-caracteristicas bg-color-tertiary-30\">\n\t<div class=\"container\">\n\t\t<div class=\"row\">\n\t\t\t<div class=\"c-icons d-flex flex-wrap align-content-center justify-content-between col-12 py-3 py-lg-4\">\n\t\t\t\t\t\t\t\t\t\t\t\t\t\t\t<div class=\"item col-4 text-center d-lg-flex flex-lg-wrap align-items-center\">\n\t\t\t\t\t\t\t\t\t\t\t\t\t\t\t<img decoding=\"async\" src=\"https:\/\/montanaclub.es\/wp-content\/uploads\/2023\/06\/Icon-weather-snowflake-cold-2.png\" class=\"img img-auto img-w-2-5\"\/>\n\t\t\t\t\t\t\t\t\t\t\t\t\t\t<p class=\"text text-family-secondary text-w-light text-uppercase m-0 d-none d-lg-inline-block ml-3\">Klimatisierung<\/p>\n\t\t\t\t\t\t<\/div>\n\t\t\t\t\t\t\t\t\t\t\t<div class=\"item col-4 text-center d-lg-flex flex-lg-wrap align-items-center\">\n\t\t\t\t\t\t\t\t\t\t\t\t\t\t\t<img decoding=\"async\" src=\"https:\/\/montanaclub.es\/wp-content\/uploads\/2023\/05\/icon_playa.png\" class=\"img img-auto img-w-2-5\"\/>\n\t\t\t\t\t\t\t\t\t\t\t\t\t\t<p class=\"text text-family-secondary text-w-light text-uppercase m-0 d-none d-lg-inline-block ml-3\">5 Minuten vom Strand entfernt<\/p>\n\t\t\t\t\t\t<\/div>\n\t\t\t\t\t\t\t\t\t\t\t<div class=\"item col-4 text-center d-lg-flex flex-lg-wrap align-items-center\">\n\t\t\t\t\t\t\t\t\t\t\t\t\t\t\t<img decoding=\"async\" src=\"https:\/\/montanaclub.es\/wp-content\/uploads\/2023\/05\/Icon-feather-wifi-1.png\" class=\"img img-auto img-w-2-5\"\/>\n\t\t\t\t\t\t\t\t\t\t\t\t\t\t<p class=\"text text-family-secondary text-w-light text-uppercase m-0 d-none d-lg-inline-block ml-3\">Kostenloses Wifi<\/p>\n\t\t\t\t\t\t<\/div>\n\t\t\t\t\t\t\t\t\t\t\t\t<\/div>\n\t\t<\/div>\n\t<\/div>\n<\/section>\n\n\n<style type=\"text\/css\">\n\t#bloque-b-slider-full-block_d38fc1478e37bd02f41d7d31a4c24f60 {\n\t\t\/* Add styles that use ACF values here *\/\n\t}\n<\/style>\n<section id=\"bloque-b-slider-full-block_d38fc1478e37bd02f41d7d31a4c24f60\" class=\"container-fluid mb-5 block-bloque-b-slider-full\">\n\t<div class=\"row\">\n\t\t<div class=\"col-12 px-0 main-carousel main-carousel-full dots dots-arrow dots-arrow-icon dots-no-zoom dots-no-bullets flickity-enabled is-draggable\">\n\t\t\t\t\t\t\t\t<\/div>\n\t<\/div>\n<\/section>\n\n\n<style type=\"text\/css\">\n\t#bloque-intro-con-imagen-block_774ef648d4fe2881242ec93e6b5f276c {\n\t\t\/* Add styles that use ACF values here *\/\n\t}\n<\/style>\n\n\n<section class=\"container mb-5 block-bloque-intro-con-imagen\" id=\"bloque-intro-con-imagen-block_774ef648d4fe2881242ec93e6b5f276c\"> \n    <div class=\"row\">\n        <div class=\"col-12 col-lg-6 px-5 pl-xl-0 mb-3\">\n            <div class=\"w-100 pt-4 pt-lg-0\">\n                <p class=\"text text-family-secondary text-color-primary text-size-1-1 text-size-lg-1-3 text-w-light m-0\"><\/p> \n                <h2 class=\"text text-family-tertiary text-size-1-5 text-size-lg-2 mb-2\">Suite hotel Montana Club<\/h2>\n                <div class=\"text text-size-1-2\"><p>Das Suite Hotel Montana Club befindet sich in <strong>Puerto del Carmen<\/strong> und sein Team ist bestrebt, seinen G\u00e4sten ein au\u00dfergew\u00f6hnliches Erlebnis zu bieten.<\/p>\n<p>Wir verf\u00fcgen \u00fcber <strong>34 Ein-Zimmer-Suiten und 33 Ein-Zimmer-Wohnungen<\/strong>, zwei Au\u00dfenpools, einen Kinderbereich, gro\u00dfz\u00fcgige Terrassen, eine Tagesrezeption, eine Snackbar und kostenloses WLAN.<\/p>\n<p>Wir verf\u00fcgen auch \u00fcber Zimmer und Einrichtungen f\u00fcr Menschen mit <strong>eingeschr\u00e4nkter Mobilit\u00e4t<\/strong>, Kinderbetten und Hochst\u00fchle f\u00fcr Kinder im Bar-Restaurant.<\/p>\n<p>Unsere Suiten wurden k\u00fcrzlich renoviert und sind modern und schlicht gestaltet.<\/p>\n<\/div>\n            <\/div>\n        <\/div>\n        <div class=\"col-12 col-lg-6 px-0\">\n            \t\t\t<img decoding=\"async\" src=\"https:\/\/montanaclub.es\/wp-content\/uploads\/2023\/06\/MontanaClub2023-9LR-scaled.jpg\" alt=\"\" class=\"img img-w img-auto img-h-350\"\/>\n\t        <\/div>\n    <\/div>\n<\/section>\n\n\n<div class=\"wp-block-columns alignfull container mb-5 px-0 s-thumbs has-text-color has-background is-layout-flex wp-container-core-columns-is-layout-9d6595d7 wp-block-columns-is-layout-flex\" style=\"color:#000000;background-color:#ffffff\">\n<div class=\"wp-block-column is-vertically-aligned-top is-layout-flow wp-block-column-is-layout-flow\">\n<style type=\"text\/css\">\n\t#bloque-b-slider-thumb-block_ad468f4fe6d9943de5ff2cc1d4fbacf9 {\n\t\t\/* Add styles that use ACF values here *\/\n\t}\n<\/style>\n\n    <a \n        id=\"bloque-b-slider-thumb-block_ad468f4fe6d9943de5ff2cc1d4fbacf9\"\n        class=\"b-thumb block-bloque-b-slider-thumb\"\n        href=\"https:\/\/montanaclub.es\/de\/habitaciones\/\"\n        target=\"_blank\">\n        <div class=\"wrapper w-100 position-relative overflow-hidden \">\n                                        <img decoding=\"async\" src=\"https:\/\/montanaclub.es\/wp-content\/uploads\/2023\/06\/DestacadosuitesMontanaClub-scaled.jpg\" class=\"img img-auto img-w img-h-350 img-h-lg-400\" alt=\"\" \/>\n                        <div class=\"captions bg bg-color-white-075 p-3 py-lg-2 w-100 text-center\">\n                <p class=\"text text-color-white text-size-1-7 text-family-tertiary m-0\">Suiten<\/p>\n            <\/div>\n        <\/div>\n    <\/a>\n<\/div>\n\n\n\n<div class=\"wp-block-column is-layout-flow wp-block-column-is-layout-flow\">\n<style type=\"text\/css\">\n\t#bloque-b-slider-thumb-block_aab0c2152feceaf3db206145769ee7d5 {\n\t\t\/* Add styles that use ACF values here *\/\n\t}\n<\/style>\n\n    <a \n        id=\"bloque-b-slider-thumb-block_aab0c2152feceaf3db206145769ee7d5\"\n        class=\"b-thumb block-bloque-b-slider-thumb\"\n        href=\"https:\/\/montanaclub.es\/de\/servicios\/\"\n        target=\"_blank\">\n        <div class=\"wrapper w-100 position-relative overflow-hidden \">\n                                        <img decoding=\"async\" src=\"https:\/\/montanaclub.es\/wp-content\/uploads\/2023\/06\/porletdestacado-piscina-LR.jpg\" class=\"img img-auto img-w img-h-350 img-h-lg-400\" alt=\"\" \/>\n                        <div class=\"captions bg bg-color-white-075 p-3 py-lg-2 w-100 text-center\">\n                <p class=\"text text-color-white text-size-1-7 text-family-tertiary m-0\">Schwimmb\u00e4der<\/p>\n            <\/div>\n        <\/div>\n    <\/a>\n<\/div>\n\n\n\n<div class=\"wp-block-column is-layout-flow wp-block-column-is-layout-flow\">\n<style type=\"text\/css\">\n\t#bloque-b-slider-thumb-block_1e37e074c3601b6d8650723dea2384ea {\n\t\t\/* Add styles that use ACF values here *\/\n\t}\n<\/style>\n\n    <a \n        id=\"bloque-b-slider-thumb-block_1e37e074c3601b6d8650723dea2384ea\"\n        class=\"b-thumb block-bloque-b-slider-thumb\"\n        href=\"https:\/\/montanaclub.es\/de\/servicios\/\"\n        target=\"_blank\">\n        <div class=\"wrapper w-100 position-relative overflow-hidden \">\n                                        <img decoding=\"async\" src=\"https:\/\/montanaclub.es\/wp-content\/uploads\/2023\/06\/Montana-10LR-scaled.jpg\" class=\"img img-auto img-w img-h-350 img-h-lg-400\" alt=\"\" \/>\n                        <div class=\"captions bg bg-color-white-075 p-3 py-lg-2 w-100 text-center\">\n                <p class=\"text text-color-white text-size-1-7 text-family-tertiary m-0\">Imbissstube<\/p>\n            <\/div>\n        <\/div>\n    <\/a>\n<\/div>\n<\/div>\n\n\n\n<div class=\"wp-block-columns are-vertically-aligned-center is-layout-flex wp-container-core-columns-is-layout-9d6595d7 wp-block-columns-is-layout-flex\">\n<div class=\"wp-block-column is-vertically-aligned-center is-layout-flow wp-block-column-is-layout-flow\" style=\"flex-basis:100%\">\n<style type=\"text\/css\">\n\t#bloque-banner-con-imagen-y-texto-block_81a4478dd569b83aecb55f98c28080eb {\n\t\t\/* Add styles that use ACF values here *\/\n\t}\n<\/style>\n\n\n<section class=\"s-promo-home container-fluid mb-5 block-bloque-banner-con-imagen-y-texto\" style=\"background-image: url(https:\/\/montanaclub.es\/wp-content\/uploads\/2023\/03\/slide2montana_modfi_3.jpeg)\" id=\"bloque-banner-con-imagen-y-texto-block_81a4478dd569b83aecb55f98c28080eb\">\n    <div class=\"row position-relative\">\n        <div class=\"wrapper col-12 col-lg-6 bg bg-color-primary ml-lg-auto px-5 py-4 d-lg-flex flex-lg-wrap align-content-center\">\n            <p class=\"text text-color-white text-family-tertiary text-size-2 text-size-lg-3-5 mb-2\">Lanzarote<\/p>\n            <div class=\"text text-color-white text-size-lg-1-2 mb-3 mb-lg-4\">\n\t            <p>Lanzarote ist eine Insel voller <strong>\u00dcberraschungen<\/strong> und <strong>Freizeitaktivit\u00e4ten<\/strong>, und wir helfen Ihnen gerne dabei, diese zu entdecken.<\/p>\n<p>Puerto del Carmen ist das beliebteste Touristengebiet der Insel Lanzarote. Die <strong>Strandpromenade<\/strong> mit ihren <strong>Gesch\u00e4ften<\/strong>, <strong>Bars<\/strong>, <strong>Restaurants<\/strong> und <strong>Boutiquen<\/strong> ist nur wenige hundert Meter vom Montana Club entfernt. Auch der Hauptstrand mit seinen verschiedenen nautischen Aktivit\u00e4ten ist nur wenige Gehminuten entfernt.<\/p>\n<p>Lanzarote ist die <strong>\u00fcberraschendste<\/strong> und unterschiedlichste Insel des kanarischen Archipels.<\/p>\n\t        <\/div>\n\t                            <\/div>\n    <\/div>\n<\/section><\/div>\n<\/div>\n","protected":false},"excerpt":{"rendered":"<style type=\"text\/css\">\n\t#bloque-s-caracteristicas-block_13cefa87c3b2eb6a204e81fcc6955288 {\n\t\t\/* Add styles that use ACF values here *\/\n\t}\n<\/style>\n<p>\t\t\t\t\t\t\t\t\t\t\t\t\t\t\t<img decoding=\"async\" src=\"https:\/\/montanaclub.es\/wp-content\/uploads\/2023\/06\/Icon-weather-snowflake-cold-2.png\" class=\"img img-auto img-w-2-5\"\/><\/p>\n<p class=\"text text-family-secondary text-w-light text-uppercase m-0 d-none d-lg-inline-block ml-3\">Klimatisierung<\/p>\n<p>\t\t\t\t\t\t\t\t\t\t\t\t\t\t\t<img decoding=\"async\" src=\"https:\/\/montanaclub.es\/wp-content\/uploads\/2023\/05\/icon_playa.png\" class=\"img img-auto img-w-2-5\"\/><\/p>\n<p class=\"text text-family-secondary text-w-light text-uppercase m-0 d-none d-lg-inline-block ml-3\">5 Minuten vom Strand entfernt<\/p>\n<p>\t\t\t\t\t\t\t\t\t\t\t\t\t\t\t<img decoding=\"async\" src=\"https:\/\/montanaclub.es\/wp-content\/uploads\/2023\/05\/Icon-feather-wifi-1.png\" class=\"img img-auto img-w-2-5\"\/><\/p>\n<p class=\"text text-family-secondary text-w-light text-uppercase m-0 d-none d-lg-inline-block ml-3\">Kostenloses Wifi<\/p>\n<style type=\"text\/css\">\n\t#bloque-b-slider-full-block_d38fc1478e37bd02f41d7d31a4c24f60 {\n\t\t\/* Add styles that use ACF values here *\/\n\t}\n<\/style>\n<style type=\"text\/css\">\n\t#bloque-intro-con-imagen-block_774ef648d4fe2881242ec93e6b5f276c {\n\t\t\/* Add styles that use ACF values here *\/\n\t}\n<\/style>\n<p class=\"text text-family-secondary text-color-primary text-size-1-1 text-size-lg-1-3 text-w-light m-0\">\n<p>                Suite hotel Montana Club<\/p>\n<p>Das Suite Hotel Montana Club befindet sich in Puerto del Carmen und sein Team ist bestrebt,<\/p>\n<p>[&#8230;]<\/p>\n","protected":false},"author":2,"featured_media":1857,"parent":0,"menu_order":0,"comment_status":"closed","ping_status":"closed","template":"page-templates\/home.php","meta":{"_acf_changed":false,"inline_featured_image":false,"footnotes":""},"class_list":["post-744","page","type-page","status-publish","has-post-thumbnail","hentry"],"acf":[],"yoast_head":"<!-- This site is optimized with the Yoast SEO plugin v27.3 - https:\/\/yoast.com\/product\/yoast-seo-wordpress\/ -->\n<title>Suiten des Hotel Montana Club - Komfort und Eleganz auf Lanzarote<\/title>\n<meta name=\"description\" content=\"Im Suite Hotel Montana Club erwarten wir Sie, um das wunderbare Klima von Puerto del Carmen zu genie\u00dfen, zusammen mit unserem freundlichen Team, das immer bereit ist, Sie zufrieden zu stellen. Erleben Sie eine au\u00dfergew\u00f6hnliche Erfahrung in unseren neuen, komplett renovierten Suiten mit einem einfachen und modernen Design.\" \/>\n<meta name=\"robots\" content=\"index, follow, max-snippet:-1, max-image-preview:large, max-video-preview:-1\" \/>\n<link rel=\"canonical\" href=\"https:\/\/montanaclub.es\/de\/\" \/>\n<meta property=\"og:locale\" content=\"de_DE\" \/>\n<meta property=\"og:type\" content=\"article\" \/>\n<meta property=\"og:title\" content=\"Suiten des Hotel Montana Club - Komfort und Eleganz auf Lanzarote\" \/>\n<meta property=\"og:description\" content=\"Im Suite Hotel Montana Club erwarten wir Sie, um das wunderbare Klima von Puerto del Carmen zu genie\u00dfen, zusammen mit unserem freundlichen Team, das immer bereit ist, Sie zufrieden zu stellen. Erleben Sie eine au\u00dfergew\u00f6hnliche Erfahrung in unseren neuen, komplett renovierten Suiten mit einem einfachen und modernen Design.\" \/>\n<meta property=\"og:url\" content=\"https:\/\/montanaclub.es\/de\/\" \/>\n<meta property=\"og:site_name\" content=\"Montana Club\" \/>\n<meta property=\"article:modified_time\" content=\"2025-05-07T13:42:56+00:00\" \/>\n<meta property=\"og:image\" content=\"https:\/\/montanaclub.es\/wp-content\/uploads\/2023\/05\/Suite-1-dormitorio-Suite-Hotel-Montana-Club-12-min-scaled.jpg\" \/>\n\t<meta property=\"og:image:width\" content=\"2560\" \/>\n\t<meta property=\"og:image:height\" content=\"1704\" \/>\n\t<meta property=\"og:image:type\" content=\"image\/jpeg\" \/>\n<meta name=\"twitter:card\" content=\"summary_large_image\" \/>\n<meta name=\"twitter:label1\" content=\"Gesch\u00e4tzte Lesezeit\" \/>\n\t<meta name=\"twitter:data1\" content=\"1\u00a0Minute\" \/>\n<script type=\"application\/ld+json\" class=\"yoast-schema-graph\">{\"@context\":\"https:\\\/\\\/schema.org\",\"@graph\":[{\"@type\":\"WebPage\",\"@id\":\"https:\\\/\\\/montanaclub.es\\\/de\\\/\",\"url\":\"https:\\\/\\\/montanaclub.es\\\/de\\\/\",\"name\":\"Suiten des Hotel Montana Club - Komfort und Eleganz auf Lanzarote\",\"isPartOf\":{\"@id\":\"https:\\\/\\\/montanaclub.es\\\/de\\\/#website\"},\"primaryImageOfPage\":{\"@id\":\"https:\\\/\\\/montanaclub.es\\\/de\\\/#primaryimage\"},\"image\":{\"@id\":\"https:\\\/\\\/montanaclub.es\\\/de\\\/#primaryimage\"},\"thumbnailUrl\":\"https:\\\/\\\/montanaclub.es\\\/wp-content\\\/uploads\\\/2023\\\/05\\\/Suite-1-dormitorio-Suite-Hotel-Montana-Club-12-min-scaled.jpg\",\"datePublished\":\"2023-03-27T11:07:29+00:00\",\"dateModified\":\"2025-05-07T13:42:56+00:00\",\"description\":\"Im Suite Hotel Montana Club erwarten wir Sie, um das wunderbare Klima von Puerto del Carmen zu genie\u00dfen, zusammen mit unserem freundlichen Team, das immer bereit ist, Sie zufrieden zu stellen. Erleben Sie eine au\u00dfergew\u00f6hnliche Erfahrung in unseren neuen, komplett renovierten Suiten mit einem einfachen und modernen Design.\",\"breadcrumb\":{\"@id\":\"https:\\\/\\\/montanaclub.es\\\/de\\\/#breadcrumb\"},\"inLanguage\":\"de\",\"potentialAction\":[{\"@type\":\"ReadAction\",\"target\":[\"https:\\\/\\\/montanaclub.es\\\/de\\\/\"]}]},{\"@type\":\"ImageObject\",\"inLanguage\":\"de\",\"@id\":\"https:\\\/\\\/montanaclub.es\\\/de\\\/#primaryimage\",\"url\":\"https:\\\/\\\/montanaclub.es\\\/wp-content\\\/uploads\\\/2023\\\/05\\\/Suite-1-dormitorio-Suite-Hotel-Montana-Club-12-min-scaled.jpg\",\"contentUrl\":\"https:\\\/\\\/montanaclub.es\\\/wp-content\\\/uploads\\\/2023\\\/05\\\/Suite-1-dormitorio-Suite-Hotel-Montana-Club-12-min-scaled.jpg\",\"width\":2560,\"height\":1704},{\"@type\":\"BreadcrumbList\",\"@id\":\"https:\\\/\\\/montanaclub.es\\\/de\\\/#breadcrumb\",\"itemListElement\":[{\"@type\":\"ListItem\",\"position\":1,\"name\":\"Portada\",\"item\":\"https:\\\/\\\/montanaclub.es\\\/de\\\/\"},{\"@type\":\"ListItem\",\"position\":2,\"name\":\"Suite Hotel Montana Club\"}]},{\"@type\":\"WebSite\",\"@id\":\"https:\\\/\\\/montanaclub.es\\\/de\\\/#website\",\"url\":\"https:\\\/\\\/montanaclub.es\\\/de\\\/\",\"name\":\"Montana Club\",\"description\":\"Entdecken Sie Ihr Hotel Lanzarote in PdC, in unmittelbarer N\u00e4he zum Strand, einer Vielzahl von Freizeitangeboten und Restaurants. Verpassen Sie nicht die M\u00f6glichkeit, Montana Club kennenzulernen!\",\"publisher\":{\"@id\":\"https:\\\/\\\/montanaclub.es\\\/de\\\/#organization\"},\"alternateName\":\"Suites del Hotel Montana Club - Confort y Elegancia en Lanzarote\",\"potentialAction\":[{\"@type\":\"SearchAction\",\"target\":{\"@type\":\"EntryPoint\",\"urlTemplate\":\"https:\\\/\\\/montanaclub.es\\\/de\\\/?s={search_term_string}\"},\"query-input\":{\"@type\":\"PropertyValueSpecification\",\"valueRequired\":true,\"valueName\":\"search_term_string\"}}],\"inLanguage\":\"de\"},{\"@type\":\"Organization\",\"@id\":\"https:\\\/\\\/montanaclub.es\\\/de\\\/#organization\",\"name\":\"Hotel Montana Club\",\"alternateName\":\"Suites del Hotel Montana Club - Confort y Elegancia en Lanzarote\",\"url\":\"https:\\\/\\\/montanaclub.es\\\/de\\\/\",\"logo\":{\"@type\":\"ImageObject\",\"inLanguage\":\"de\",\"@id\":\"https:\\\/\\\/montanaclub.es\\\/de\\\/#\\\/schema\\\/logo\\\/image\\\/\",\"url\":\"https:\\\/\\\/montanaclub.es\\\/wp-content\\\/uploads\\\/2023\\\/05\\\/LOGO-MONTANA-SUITE-HOTEL-2023-sin-fondo-5.png\",\"contentUrl\":\"https:\\\/\\\/montanaclub.es\\\/wp-content\\\/uploads\\\/2023\\\/05\\\/LOGO-MONTANA-SUITE-HOTEL-2023-sin-fondo-5.png\",\"width\":1173,\"height\":1080,\"caption\":\"Hotel Montana Club\"},\"image\":{\"@id\":\"https:\\\/\\\/montanaclub.es\\\/de\\\/#\\\/schema\\\/logo\\\/image\\\/\"}}]}<\/script>\n<!-- \/ Yoast SEO plugin. -->","yoast_head_json":{"title":"Suiten des Hotel Montana Club - Komfort und Eleganz auf Lanzarote","description":"Im Suite Hotel Montana Club erwarten wir Sie, um das wunderbare Klima von Puerto del Carmen zu genie\u00dfen, zusammen mit unserem freundlichen Team, das immer bereit ist, Sie zufrieden zu stellen. Erleben Sie eine au\u00dfergew\u00f6hnliche Erfahrung in unseren neuen, komplett renovierten Suiten mit einem einfachen und modernen Design.","robots":{"index":"index","follow":"follow","max-snippet":"max-snippet:-1","max-image-preview":"max-image-preview:large","max-video-preview":"max-video-preview:-1"},"canonical":"https:\/\/montanaclub.es\/de\/","og_locale":"de_DE","og_type":"article","og_title":"Suiten des Hotel Montana Club - Komfort und Eleganz auf Lanzarote","og_description":"Im Suite Hotel Montana Club erwarten wir Sie, um das wunderbare Klima von Puerto del Carmen zu genie\u00dfen, zusammen mit unserem freundlichen Team, das immer bereit ist, Sie zufrieden zu stellen. Erleben Sie eine au\u00dfergew\u00f6hnliche Erfahrung in unseren neuen, komplett renovierten Suiten mit einem einfachen und modernen Design.","og_url":"https:\/\/montanaclub.es\/de\/","og_site_name":"Montana Club","article_modified_time":"2025-05-07T13:42:56+00:00","og_image":[{"width":2560,"height":1704,"url":"https:\/\/montanaclub.es\/wp-content\/uploads\/2023\/05\/Suite-1-dormitorio-Suite-Hotel-Montana-Club-12-min-scaled.jpg","type":"image\/jpeg"}],"twitter_card":"summary_large_image","twitter_misc":{"Gesch\u00e4tzte Lesezeit":"1\u00a0Minute"},"schema":{"@context":"https:\/\/schema.org","@graph":[{"@type":"WebPage","@id":"https:\/\/montanaclub.es\/de\/","url":"https:\/\/montanaclub.es\/de\/","name":"Suiten des Hotel Montana Club - Komfort und Eleganz auf Lanzarote","isPartOf":{"@id":"https:\/\/montanaclub.es\/de\/#website"},"primaryImageOfPage":{"@id":"https:\/\/montanaclub.es\/de\/#primaryimage"},"image":{"@id":"https:\/\/montanaclub.es\/de\/#primaryimage"},"thumbnailUrl":"https:\/\/montanaclub.es\/wp-content\/uploads\/2023\/05\/Suite-1-dormitorio-Suite-Hotel-Montana-Club-12-min-scaled.jpg","datePublished":"2023-03-27T11:07:29+00:00","dateModified":"2025-05-07T13:42:56+00:00","description":"Im Suite Hotel Montana Club erwarten wir Sie, um das wunderbare Klima von Puerto del Carmen zu genie\u00dfen, zusammen mit unserem freundlichen Team, das immer bereit ist, Sie zufrieden zu stellen. Erleben Sie eine au\u00dfergew\u00f6hnliche Erfahrung in unseren neuen, komplett renovierten Suiten mit einem einfachen und modernen Design.","breadcrumb":{"@id":"https:\/\/montanaclub.es\/de\/#breadcrumb"},"inLanguage":"de","potentialAction":[{"@type":"ReadAction","target":["https:\/\/montanaclub.es\/de\/"]}]},{"@type":"ImageObject","inLanguage":"de","@id":"https:\/\/montanaclub.es\/de\/#primaryimage","url":"https:\/\/montanaclub.es\/wp-content\/uploads\/2023\/05\/Suite-1-dormitorio-Suite-Hotel-Montana-Club-12-min-scaled.jpg","contentUrl":"https:\/\/montanaclub.es\/wp-content\/uploads\/2023\/05\/Suite-1-dormitorio-Suite-Hotel-Montana-Club-12-min-scaled.jpg","width":2560,"height":1704},{"@type":"BreadcrumbList","@id":"https:\/\/montanaclub.es\/de\/#breadcrumb","itemListElement":[{"@type":"ListItem","position":1,"name":"Portada","item":"https:\/\/montanaclub.es\/de\/"},{"@type":"ListItem","position":2,"name":"Suite Hotel Montana Club"}]},{"@type":"WebSite","@id":"https:\/\/montanaclub.es\/de\/#website","url":"https:\/\/montanaclub.es\/de\/","name":"Montana Club","description":"Entdecken Sie Ihr Hotel Lanzarote in PdC, in unmittelbarer N\u00e4he zum Strand, einer Vielzahl von Freizeitangeboten und Restaurants. Verpassen Sie nicht die M\u00f6glichkeit, Montana Club kennenzulernen!","publisher":{"@id":"https:\/\/montanaclub.es\/de\/#organization"},"alternateName":"Suites del Hotel Montana Club - Confort y Elegancia en Lanzarote","potentialAction":[{"@type":"SearchAction","target":{"@type":"EntryPoint","urlTemplate":"https:\/\/montanaclub.es\/de\/?s={search_term_string}"},"query-input":{"@type":"PropertyValueSpecification","valueRequired":true,"valueName":"search_term_string"}}],"inLanguage":"de"},{"@type":"Organization","@id":"https:\/\/montanaclub.es\/de\/#organization","name":"Hotel Montana Club","alternateName":"Suites del Hotel Montana Club - Confort y Elegancia en Lanzarote","url":"https:\/\/montanaclub.es\/de\/","logo":{"@type":"ImageObject","inLanguage":"de","@id":"https:\/\/montanaclub.es\/de\/#\/schema\/logo\/image\/","url":"https:\/\/montanaclub.es\/wp-content\/uploads\/2023\/05\/LOGO-MONTANA-SUITE-HOTEL-2023-sin-fondo-5.png","contentUrl":"https:\/\/montanaclub.es\/wp-content\/uploads\/2023\/05\/LOGO-MONTANA-SUITE-HOTEL-2023-sin-fondo-5.png","width":1173,"height":1080,"caption":"Hotel Montana Club"},"image":{"@id":"https:\/\/montanaclub.es\/de\/#\/schema\/logo\/image\/"}}]}},"_links":{"self":[{"href":"https:\/\/montanaclub.es\/de\/wp-json\/wp\/v2\/pages\/744","targetHints":{"allow":["GET"]}}],"collection":[{"href":"https:\/\/montanaclub.es\/de\/wp-json\/wp\/v2\/pages"}],"about":[{"href":"https:\/\/montanaclub.es\/de\/wp-json\/wp\/v2\/types\/page"}],"author":[{"embeddable":true,"href":"https:\/\/montanaclub.es\/de\/wp-json\/wp\/v2\/users\/2"}],"replies":[{"embeddable":true,"href":"https:\/\/montanaclub.es\/de\/wp-json\/wp\/v2\/comments?post=744"}],"version-history":[{"count":41,"href":"https:\/\/montanaclub.es\/de\/wp-json\/wp\/v2\/pages\/744\/revisions"}],"predecessor-version":[{"id":3234,"href":"https:\/\/montanaclub.es\/de\/wp-json\/wp\/v2\/pages\/744\/revisions\/3234"}],"wp:featuredmedia":[{"embeddable":true,"href":"https:\/\/montanaclub.es\/de\/wp-json\/wp\/v2\/media\/1857"}],"wp:attachment":[{"href":"https:\/\/montanaclub.es\/de\/wp-json\/wp\/v2\/media?parent=744"}],"curies":[{"name":"wp","href":"https:\/\/api.w.org\/{rel}","templated":true}]}}