{"id":2784,"date":"2023-06-16T11:03:54","date_gmt":"2023-06-16T11:03:54","guid":{"rendered":"https:\/\/montanaclub.es\/aviso-legal\/"},"modified":"2023-06-19T11:47:43","modified_gmt":"2023-06-19T11:47:43","slug":"aviso-legal","status":"publish","type":"page","link":"https:\/\/montanaclub.es\/de\/rechtlicher-hinweis\/","title":{"rendered":"Rechtlicher Hinweis"},"content":{"rendered":"\n<div class=\"wp-block-columns container text is-layout-flex wp-container-core-columns-is-layout-9d6595d7 wp-block-columns-is-layout-flex\">\n<div class=\"wp-block-column text is-layout-flow wp-block-column-is-layout-flow\">\n<h2 class=\"wp-block-heading has-text-color has-large-font-size\" style=\"color:#6cafc100\">POL\u00cd<\/h2>\n\n\n\n<p class=\"has-text-align-center container text has-text-color has-x-large-font-size\" style=\"color:#6cafc1\"><strong>Aviso legal<\/strong><\/p>\n\n\n\n<p class=\"has-large-font-size\">1. <strong>IDENTIDAD DEL TITULAR DE LA WEB&nbsp;<\/strong><\/p>\n\n\n\n<p class=\"text has-medium-font-size\"><strong>MERCOLA EXPLOTACIONES, S.L. <\/strong>con CIF B35391655, con domicilio en Puerto del Carmen-Lanzarote (Las Palmas), en C\/ Tim\u00f3n n\u00ba 3, y correo electr\u00f3nico <strong>info@montanaclub.es <\/strong>es Titular de \u00e9sta web, con dominio <strong>www.montanaclub.es.&nbsp;<\/strong><\/p>\n\n\n\n<p class=\"has-large-font-size\">2. <strong>ACEPTACI\u00d3N DE LAS CONDICIONES DE USO&nbsp;<\/strong><\/p>\n\n\n\n<p class=\"text has-medium-font-size\">La utilizaci\u00f3n de este sitio Web atribuye al navegante, sea persona f\u00edsica o jur\u00eddica, la condici\u00f3n de USUARIO, lo cual implica la adhesi\u00f3n a los t\u00e9rminos y condiciones que a continuaci\u00f3n se indican. A todos los efectos, se contemplar\u00e1n los t\u00e9rminos y condiciones en la versi\u00f3n publicada en el momento en que se produce el acceso. Se recomienda al USUARIO leer atentamente los t\u00e9rminos y condiciones que a continuaci\u00f3n se detallan antes de hacer uso de los servicios ofertados. As\u00ed mismo, el acceso a determinados servicios a trav\u00e9s de este sitio Web puede encontrarse sometido a ciertas condiciones particulares propias que, seg\u00fan los casos, sustituyen, completan y\/o modifican estas condiciones generales. Por tanto, con anterioridad al acceso y\/o utilizaci\u00f3n de nuestros servicios, el USUARIO debe leer atentamente tambi\u00e9n las correspondientes condiciones particulares. En caso de no aceptar las condiciones de uso, deber\u00e1 abstenerse de acceder y utilizar los servicios contenidos en esta Web. Las presentes condiciones de uso regulan el uso gen\u00e9rico de la Web por parte del USUARIO que tiene la posibilidad de visualizarla e imprimirlas. El Titular de la Web se reserva el derecho a modificar o suprimir en cualquier momento y sin previo aviso los contenidos, servicios e informaciones que se encuentran en esta Web, as\u00ed como a limitar o cancelar los t\u00e9rminos y condiciones aplicables a la Web.&nbsp;<\/p>\n\n\n\n<p class=\"has-large-font-size\">3. <strong>PROPIEDAD INTELECTUAL E INDUSTRIAL&nbsp;<\/strong><\/p>\n\n\n\n<p class=\"text has-medium-font-size\">El contenido de esta Web se encuentra protegido por las Leyes sobre Propiedad Intelectual e Industrial. El sitio web, incluyendo a t\u00edtulo enunciativo pero no limitativo su programaci\u00f3n, edici\u00f3n, compilaci\u00f3n y dem\u00e1s elementos necesarios para su funcionamiento, los dise\u00f1os, logotipos, texto y\/o gr\u00e1ficos son propiedad del responsable de la Web o en su caso dispone de licencia o autorizaci\u00f3n expresa por parte de los autores. Independientemente de la finalidad para la que fueran destinados, la reproducci\u00f3n total o parcial, uso, explotaci\u00f3n, distribuci\u00f3n y comercializaci\u00f3n, requiere en todo caso de la autorizaci\u00f3n escrita previa por parte del Titular de la Web. La infracci\u00f3n de cualquiera de los citados derechos puede constituir una vulneraci\u00f3n de las presentes disposiciones, as\u00ed como un delito castigado de acuerdo con los art\u00edculos 270 y siguientes del C\u00f3digo Penal. Los dise\u00f1os, logotipos, texto y\/o gr\u00e1ficos ajenos al responsable de la Web y que pudieran aparecer en el sitio web, pertenecen a sus respectivos propietarios, siendo ellos mismos responsables de cualquier posible controversia que pudiera suscitarse respecto a los mismos. En todo caso, se cuenta con la autorizaci\u00f3n expresa y previa por parte de los mismos.&nbsp;<\/p>\n\n\n\n<p class=\"text has-medium-font-size\">Las reclamaciones que pudieran interponerse por los USUARIOS en relaci\u00f3n con posibles incumplimientos de los derechos de propiedad intelectual o industrial sobre cualesquiera de los contenidos de este sitio Web deber\u00e1n dirigirse al correo electr\u00f3nico info@montanaclub.es&nbsp;<\/p>\n\n\n\n<p class=\"has-large-font-size\">4. <strong>ACCESO A LA WEB&nbsp;<\/strong><\/p>\n\n\n\n<p class=\"text has-medium-font-size\">Nuestra Web puede ser visitada por cualquier USUARIO de forma libre y gratuita. Los datos de Car\u00e1cter Personal que nos facilite ser\u00e1n siempre tratados de conformidad con lo dispuesto en la normativa vigente.&nbsp;<\/p>\n\n\n\n<p class=\"has-large-font-size\">5. <strong>USO CORRECTO DEL SITIO WEB&nbsp;<\/strong><\/p>\n\n\n\n<p class=\"text has-medium-font-size\">El USUARIO se compromete a utilizar la Web, los contenidos y los servicios de acuerdo con la Ley, con las buenas costumbres y el orden p\u00fablico.&nbsp;<\/p>\n\n\n\n<p class=\"has-medium-font-size\">El USUARIO se obliga y compromete a:&nbsp;<\/p>\n\n\n\n<p class=\"text has-medium-font-size\">No utilizar la Web o los servicios que se prestan a trav\u00e9s de ella con finalidades o efectos il\u00edcitos o contrarios al contenido de este Aviso Legal que lesionen los intereses o derechos de terceros, o que de cualquier forma pueda da\u00f1ar, inutilizar o deteriorar la Web o sus servicios o impedir un uso satisfactorio de la Web a otros usuarios.&nbsp;<\/p>\n\n\n\n<p class=\"text has-medium-font-size\">No destruir, alterar, inutilizar o, de cualquier otra forma, da\u00f1ar los datos, los programas o los documentos electr\u00f3nicos y otros que se encuentren en la Web.&nbsp;<\/p>\n\n\n\n<p class=\"has-medium-font-size\">No introducir programas, virus, macroinstrucciones, miniaplicaciones o cualquier otro dispositivo l\u00f3gico o secuencia de caracteres que causen o puedan causar cualquier tipo de alteraci\u00f3n en los sistemas inform\u00e1ticos del responsable del la Web o de terceros.&nbsp;<\/p>\n\n\n\n<p class=\"text has-medium-font-size\">No hacer mal uso de informaciones, mensajes, gr\u00e1ficos, dibujos, archivos de sonido y\/o imagen, fotograf\u00edas, grabaciones, software y, en general, cualquier clase de material accesible a trav\u00e9s de la Web o de los servicios que ofrece.&nbsp;<\/p>\n\n\n\n<p class=\"has-medium-font-size\">No introducir actuaciones, actitudes o ideas discriminatorias por raz\u00f3n de sexo, raza, religi\u00f3n, creencias, edad o condici\u00f3n.&nbsp;<\/p>\n\n\n\n<p class=\"text has-medium-font-size\">Asimismo, el responsable de la web se reserva el derecho a denegar o retirar el acceso a la Web y\/o a los servicios en cualquier momento y sin necesidad de previo aviso a aquellos USUARIOS que incumplan estas condiciones generales.&nbsp;<\/p>\n\n\n\n<p class=\"has-large-font-size\">6. <strong>R\u00c9GIMEN DE RESPONSABILIDAD&nbsp;<\/strong><\/p>\n\n\n\n<p class=\"has-medium-font-size\">El responsable de la web no se har\u00e1 responsable, directa ni subsidiariamente de:&nbsp;<\/p>\n\n\n\n<p class=\"has-medium-font-size\">La calidad del servicio, la velocidad de acceso, el correcto funcionamiento ni la disponibilidad ni continuidad de funcionamiento de la Web.&nbsp;<\/p>\n\n\n\n<p class=\"text has-medium-font-size\">Que existan interrupciones del servicio, demoras, errores, mal funcionamiento del mismo y, en general, dem\u00e1s inconvenientes que tengan su origen en causa que escapan del control del Titular de la Web. Una actuaci\u00f3n dolosa o culposa del USUARIO y\/o tenga por origen causas de fuerza mayor. En cualquier caso, sea cual fuere su causa.&nbsp;<\/p>\n\n\n\n<p class=\"has-medium-font-size\">Da\u00f1os directos o indirectos, da\u00f1o emergente y\/o por lucro cesante.&nbsp;<\/p>\n\n\n\n<p class=\"has-medium-font-size\">Los contenidos y opiniones de terceros ni de la informaci\u00f3n contenida en p\u00e1ginas Web de terceros a las que se pueda acceder por Enlaces o buscadores del sitio Web.&nbsp;<\/p>\n\n\n\n<p class=\"text has-medium-font-size\">Los da\u00f1os que puedan causarse en los equipos de los USUARIOS por posibles virus inform\u00e1ticos contra\u00eddos a causa de su navegaci\u00f3n en el sitio Web o por cualquier otro da\u00f1o derivado de esa navegaci\u00f3n. Del incumplimiento de la Ley, la moral y las buenas costumbres generalmente aceptadas o el orden p\u00fablico como consecuencia de la transmisi\u00f3n, difusi\u00f3n, almacenamiento, puesta a disposici\u00f3n, recepci\u00f3n, obtenci\u00f3n o acceso a los contenidos.&nbsp;<\/p>\n\n\n\n<p class=\"text has-medium-font-size\">Los vicios, y defectos de toda clase de los contenidos transmitidos, difundidos, almacenados o puestos a disposici\u00f3n, la falta de actualizaci\u00f3n o de exactitud de los mismos, ni de su calidad cient\u00edfica en su caso. As\u00ed mismo, el Titular no garantiza que la Web y el servidor est\u00e9n libres de virus y no se hace responsable de los da\u00f1os causados por el acceso a la Web o por la imposibilidad de acceder.&nbsp;<\/p>\n\n\n\n<p class=\"text has-medium-font-size\">El Titular tendr\u00e1 derecho, sin que exista indemnizaci\u00f3n alguna al USUARIO por estos conceptos, a suspender temporalmente los servicios y contenidos del sitio Web para efectuar operaciones de mantenimiento, mejora o reparaci\u00f3n de los mismos.&nbsp;<\/p>\n\n\n\n<p class=\"has-large-font-size\">7. <strong>PROTECCI\u00d3N DE DATOS&nbsp;<\/strong><\/p>\n\n\n\n<p class=\"has-medium-font-size\">De conformidad con lo establecido en la Ley Org\u00e1nica 3\/2018 de Protecci\u00f3n de Datos Personales y garant\u00eda de los derechos digitales,&nbsp;<\/p>\n\n\n\n<p class=\"text has-medium-font-size\">le informamos que la informaci\u00f3n que facilite el Usuario ser\u00e1 incorporada al sistema de tratamiento titularidad del Responsable con con la finalidad de poder facilitar, agilizar y cumplir los compromisos establecidos entre ambas partes. As\u00ed mismo, el Titular y Responsable informa que los datos ser\u00e1n conservados durante el plazo estrictamente necesario para cumplir con los preceptos mencionados con anterioridad. Mientras Vd. no comunique lo contrario,&nbsp;entenderemos que sus datos no han sido modificados, que usted se compromete a notificarnos cualquier variaci\u00f3n y que tenemos su consentimiento para utilizarlos para las finalidades mencionadas. Se le informa que proceder\u00e1 a tratar los datos de manera l\u00edcita, leal, transparente, adecuada, pertinente, limitada, exacta y actualizada. Es por ello que el Responsable se compromete a adoptar todas las medidas razonables para que estos se supriman o rectifiquen sin dilaci\u00f3n cuando sean inexactos. De acuerdo con los derechos que le confiere el la normativa vigente en materia de Protecci\u00f3n de Datos, el Usuario podr\u00e1 ejercer los derechos de acceso, rectificaci\u00f3n, limitaci\u00f3n de tratamiento, supresi\u00f3n, portabilidad y oposici\u00f3n al tratamiento de sus datos de car\u00e1cter personal as\u00ed como del consentimiento prestado para el tratamiento de los mismos, debiendo dirigir su petici\u00f3n por escrito e identific\u00e1nose suficientemente a la direcci\u00f3n citada en el punto 1.&nbsp;<\/p>\n\n\n\n<p class=\"has-medium-font-size\">As\u00ed mismo, tambi\u00e9n podr\u00e1 dirigirse a la Autoridad de Control para presentar la reclamaci\u00f3n que considere oportuna.&nbsp;<\/p>\n\n\n\n<p class=\"has-large-font-size\">8. <strong>PUBLICIDAD&nbsp;<\/strong><\/p>\n\n\n\n<p class=\"text has-medium-font-size\">Conforme a lo regulado por la Ley 34\/2002, de 11 de julio, de Servicios de la Sociedad de la Informaci\u00f3n y Comercio Electr\u00f3nico (LSSICE) la pol\u00edtica respecto al correo electr\u00f3nico se centra en remitir \u00fanicamente comunicaciones que el USUARIO haya solicitado recibir habiendo tr\u00e1sladado de modo voluntario y expreso su consentimiento. Si Usuario quiere desea recibir estas comunicaciones, deber\u00e1 dirigirse su petici\u00f3n por escrito e identific\u00e1nose suficientemente a la direcci\u00f3n electronica info@montanaclub.es&nbsp;<\/p>\n\n\n\n<p class=\"has-large-font-size\">9. <strong>LEGISLACI\u00d3N APLICABLE Y COMPETENCIA JUDICIAL&nbsp;<\/strong><\/p>\n\n\n\n<p class=\"text has-medium-font-size\">Las presentes condiciones est\u00e1n redactadas en espa\u00f1ol, y se encuentran sometidas a la legislaci\u00f3n espa\u00f1ola vigente. Para toda cuesti\u00f3n litigiosa o que incumba a \u00e9ste sitio Web ser\u00e1n competentes los Juzgados y Tribunales de Espa\u00f1a<\/p>\n\n\n\n<p><\/p>\n\n\n\n<p><\/p>\n\n\n\n<div style=\"height:63px\" aria-hidden=\"true\" class=\"wp-block-spacer\"><\/div>\n\n\n<div class=\"wp-bootstrap-blocks-row row\">\n\t\n\n<div class=\"col-12 col-md-12\">\n\t\t\t\t<\/div>\n\n<\/div>\n\n\n\n<p><\/p>\n<\/div>\n<\/div>\n","protected":false},"excerpt":{"rendered":"<p>POL\u00cd<\/p>\n<p class=\"has-text-align-center container text has-text-color has-x-large-font-size\" style=\"color:#6cafc1\">Aviso legal<\/p>\n<p class=\"has-large-font-size\">1. IDENTIDAD DEL TITULAR DE LA WEB&nbsp;<\/p>\n<p class=\"text has-medium-font-size\">MERCOLA EXPLOTACIONES, S.L. con CIF B35391655, con domicilio en Puerto del Carmen-Lanzarote (Las Palmas), en C\/ Tim\u00f3n n\u00ba 3, y correo electr\u00f3nico info@montanaclub.es es Titular de \u00e9sta web, con dominio www.montanaclub.es.&nbsp;<\/p>\n<p class=\"has-large-font-size\">2. ACEPTACI\u00d3N DE LAS CONDICIONES DE USO&nbsp;<\/p>\n<p>[&#8230;]<\/p>\n","protected":false},"author":2,"featured_media":0,"parent":0,"menu_order":0,"comment_status":"closed","ping_status":"closed","template":"page-templates\/home.php","meta":{"_acf_changed":false,"inline_featured_image":false,"footnotes":""},"class_list":["post-2784","page","type-page","status-publish","hentry"],"acf":[],"yoast_head":"<!-- This site is optimized with the Yoast SEO plugin v27.5 - https:\/\/yoast.com\/product\/yoast-seo-wordpress\/ -->\n<title>Rechtlicher Hinweis - Montana Club<\/title>\n<meta name=\"robots\" content=\"index, follow, max-snippet:-1, max-image-preview:large, max-video-preview:-1\" \/>\n<link rel=\"canonical\" href=\"https:\/\/montanaclub.es\/de\/rechtlicher-hinweis\/\" \/>\n<meta property=\"og:locale\" content=\"de_DE\" \/>\n<meta property=\"og:type\" content=\"article\" \/>\n<meta property=\"og:title\" content=\"Rechtlicher Hinweis - Montana Club\" \/>\n<meta property=\"og:description\" content=\"POL\u00cd  Aviso legal  1. IDENTIDAD DEL TITULAR DE LA WEB&nbsp;  MERCOLA EXPLOTACIONES, S.L. con CIF B35391655, con domicilio en Puerto del Carmen-Lanzarote (Las Palmas), en C\/ Tim\u00f3n n\u00ba 3, y correo electr\u00f3nico info@montanaclub.es es Titular de \u00e9sta web, con dominio www.montanaclub.es.&nbsp;  2. ACEPTACI\u00d3N DE LAS CONDICIONES DE USO&nbsp;[...]\" \/>\n<meta property=\"og:url\" content=\"https:\/\/montanaclub.es\/de\/rechtlicher-hinweis\/\" \/>\n<meta property=\"og:site_name\" content=\"Montana Club\" \/>\n<meta property=\"article:modified_time\" content=\"2023-06-19T11:47:43+00:00\" \/>\n<meta property=\"og:image\" content=\"https:\/\/montanaclub.es\/wp-content\/uploads\/2023\/07\/Gracias-415-\u00d7-293-px-325-\u00d7-465-px.jpg\" \/>\n\t<meta property=\"og:image:width\" content=\"325\" \/>\n\t<meta property=\"og:image:height\" content=\"465\" \/>\n\t<meta property=\"og:image:type\" content=\"image\/jpeg\" \/>\n<meta name=\"twitter:card\" content=\"summary_large_image\" \/>\n<meta name=\"twitter:label1\" content=\"Gesch\u00e4tzte Lesezeit\" \/>\n\t<meta name=\"twitter:data1\" content=\"7\u00a0Minuten\" \/>\n<script type=\"application\/ld+json\" class=\"yoast-schema-graph\">{\"@context\":\"https:\\\/\\\/schema.org\",\"@graph\":[{\"@type\":\"WebPage\",\"@id\":\"https:\\\/\\\/montanaclub.es\\\/de\\\/rechtlicher-hinweis\\\/\",\"url\":\"https:\\\/\\\/montanaclub.es\\\/de\\\/rechtlicher-hinweis\\\/\",\"name\":\"Rechtlicher Hinweis - Montana Club\",\"isPartOf\":{\"@id\":\"https:\\\/\\\/montanaclub.es\\\/de\\\/#website\"},\"datePublished\":\"2023-06-16T11:03:54+00:00\",\"dateModified\":\"2023-06-19T11:47:43+00:00\",\"breadcrumb\":{\"@id\":\"https:\\\/\\\/montanaclub.es\\\/de\\\/rechtlicher-hinweis\\\/#breadcrumb\"},\"inLanguage\":\"de\",\"potentialAction\":[{\"@type\":\"ReadAction\",\"target\":[\"https:\\\/\\\/montanaclub.es\\\/de\\\/rechtlicher-hinweis\\\/\"]}]},{\"@type\":\"BreadcrumbList\",\"@id\":\"https:\\\/\\\/montanaclub.es\\\/de\\\/rechtlicher-hinweis\\\/#breadcrumb\",\"itemListElement\":[{\"@type\":\"ListItem\",\"position\":1,\"name\":\"Portada\",\"item\":\"https:\\\/\\\/montanaclub.es\\\/de\\\/\"},{\"@type\":\"ListItem\",\"position\":2,\"name\":\"Rechtlicher Hinweis\"}]},{\"@type\":\"WebSite\",\"@id\":\"https:\\\/\\\/montanaclub.es\\\/de\\\/#website\",\"url\":\"https:\\\/\\\/montanaclub.es\\\/de\\\/\",\"name\":\"Montana Club\",\"description\":\"Entdecken Sie Ihr Hotel Lanzarote in PdC, in unmittelbarer N\u00e4he zum Strand, einer Vielzahl von Freizeitangeboten und Restaurants. Verpassen Sie nicht die M\u00f6glichkeit, Montana Club kennenzulernen!\",\"publisher\":{\"@id\":\"https:\\\/\\\/montanaclub.es\\\/de\\\/#organization\"},\"alternateName\":\"Suites del Hotel Montana Club - Confort y Elegancia en Lanzarote\",\"potentialAction\":[{\"@type\":\"SearchAction\",\"target\":{\"@type\":\"EntryPoint\",\"urlTemplate\":\"https:\\\/\\\/montanaclub.es\\\/de\\\/?s={search_term_string}\"},\"query-input\":{\"@type\":\"PropertyValueSpecification\",\"valueRequired\":true,\"valueName\":\"search_term_string\"}}],\"inLanguage\":\"de\"},{\"@type\":\"Organization\",\"@id\":\"https:\\\/\\\/montanaclub.es\\\/de\\\/#organization\",\"name\":\"Hotel Montana Club\",\"alternateName\":\"Suites del Hotel Montana Club - Confort y Elegancia en Lanzarote\",\"url\":\"https:\\\/\\\/montanaclub.es\\\/de\\\/\",\"logo\":{\"@type\":\"ImageObject\",\"inLanguage\":\"de\",\"@id\":\"https:\\\/\\\/montanaclub.es\\\/de\\\/#\\\/schema\\\/logo\\\/image\\\/\",\"url\":\"https:\\\/\\\/montanaclub.es\\\/wp-content\\\/uploads\\\/2023\\\/05\\\/LOGO-MONTANA-SUITE-HOTEL-2023-sin-fondo-5.png\",\"contentUrl\":\"https:\\\/\\\/montanaclub.es\\\/wp-content\\\/uploads\\\/2023\\\/05\\\/LOGO-MONTANA-SUITE-HOTEL-2023-sin-fondo-5.png\",\"width\":1173,\"height\":1080,\"caption\":\"Hotel Montana Club\"},\"image\":{\"@id\":\"https:\\\/\\\/montanaclub.es\\\/de\\\/#\\\/schema\\\/logo\\\/image\\\/\"}}]}<\/script>\n<!-- \/ Yoast SEO plugin. -->","yoast_head_json":{"title":"Rechtlicher Hinweis - Montana Club","robots":{"index":"index","follow":"follow","max-snippet":"max-snippet:-1","max-image-preview":"max-image-preview:large","max-video-preview":"max-video-preview:-1"},"canonical":"https:\/\/montanaclub.es\/de\/rechtlicher-hinweis\/","og_locale":"de_DE","og_type":"article","og_title":"Rechtlicher Hinweis - Montana Club","og_description":"POL\u00cd  Aviso legal  1. IDENTIDAD DEL TITULAR DE LA WEB&nbsp;  MERCOLA EXPLOTACIONES, S.L. con CIF B35391655, con domicilio en Puerto del Carmen-Lanzarote (Las Palmas), en C\/ Tim\u00f3n n\u00ba 3, y correo electr\u00f3nico info@montanaclub.es es Titular de \u00e9sta web, con dominio www.montanaclub.es.&nbsp;  2. ACEPTACI\u00d3N DE LAS CONDICIONES DE USO&nbsp;[...]","og_url":"https:\/\/montanaclub.es\/de\/rechtlicher-hinweis\/","og_site_name":"Montana Club","article_modified_time":"2023-06-19T11:47:43+00:00","og_image":[{"width":325,"height":465,"url":"https:\/\/montanaclub.es\/wp-content\/uploads\/2023\/07\/Gracias-415-\u00d7-293-px-325-\u00d7-465-px.jpg","type":"image\/jpeg"}],"twitter_card":"summary_large_image","twitter_misc":{"Gesch\u00e4tzte Lesezeit":"7\u00a0Minuten"},"schema":{"@context":"https:\/\/schema.org","@graph":[{"@type":"WebPage","@id":"https:\/\/montanaclub.es\/de\/rechtlicher-hinweis\/","url":"https:\/\/montanaclub.es\/de\/rechtlicher-hinweis\/","name":"Rechtlicher Hinweis - Montana Club","isPartOf":{"@id":"https:\/\/montanaclub.es\/de\/#website"},"datePublished":"2023-06-16T11:03:54+00:00","dateModified":"2023-06-19T11:47:43+00:00","breadcrumb":{"@id":"https:\/\/montanaclub.es\/de\/rechtlicher-hinweis\/#breadcrumb"},"inLanguage":"de","potentialAction":[{"@type":"ReadAction","target":["https:\/\/montanaclub.es\/de\/rechtlicher-hinweis\/"]}]},{"@type":"BreadcrumbList","@id":"https:\/\/montanaclub.es\/de\/rechtlicher-hinweis\/#breadcrumb","itemListElement":[{"@type":"ListItem","position":1,"name":"Portada","item":"https:\/\/montanaclub.es\/de\/"},{"@type":"ListItem","position":2,"name":"Rechtlicher Hinweis"}]},{"@type":"WebSite","@id":"https:\/\/montanaclub.es\/de\/#website","url":"https:\/\/montanaclub.es\/de\/","name":"Montana Club","description":"Entdecken Sie Ihr Hotel Lanzarote in PdC, in unmittelbarer N\u00e4he zum Strand, einer Vielzahl von Freizeitangeboten und Restaurants. Verpassen Sie nicht die M\u00f6glichkeit, Montana Club kennenzulernen!","publisher":{"@id":"https:\/\/montanaclub.es\/de\/#organization"},"alternateName":"Suites del Hotel Montana Club - Confort y Elegancia en Lanzarote","potentialAction":[{"@type":"SearchAction","target":{"@type":"EntryPoint","urlTemplate":"https:\/\/montanaclub.es\/de\/?s={search_term_string}"},"query-input":{"@type":"PropertyValueSpecification","valueRequired":true,"valueName":"search_term_string"}}],"inLanguage":"de"},{"@type":"Organization","@id":"https:\/\/montanaclub.es\/de\/#organization","name":"Hotel Montana Club","alternateName":"Suites del Hotel Montana Club - Confort y Elegancia en Lanzarote","url":"https:\/\/montanaclub.es\/de\/","logo":{"@type":"ImageObject","inLanguage":"de","@id":"https:\/\/montanaclub.es\/de\/#\/schema\/logo\/image\/","url":"https:\/\/montanaclub.es\/wp-content\/uploads\/2023\/05\/LOGO-MONTANA-SUITE-HOTEL-2023-sin-fondo-5.png","contentUrl":"https:\/\/montanaclub.es\/wp-content\/uploads\/2023\/05\/LOGO-MONTANA-SUITE-HOTEL-2023-sin-fondo-5.png","width":1173,"height":1080,"caption":"Hotel Montana Club"},"image":{"@id":"https:\/\/montanaclub.es\/de\/#\/schema\/logo\/image\/"}}]}},"_links":{"self":[{"href":"https:\/\/montanaclub.es\/de\/wp-json\/wp\/v2\/pages\/2784","targetHints":{"allow":["GET"]}}],"collection":[{"href":"https:\/\/montanaclub.es\/de\/wp-json\/wp\/v2\/pages"}],"about":[{"href":"https:\/\/montanaclub.es\/de\/wp-json\/wp\/v2\/types\/page"}],"author":[{"embeddable":true,"href":"https:\/\/montanaclub.es\/de\/wp-json\/wp\/v2\/users\/2"}],"replies":[{"embeddable":true,"href":"https:\/\/montanaclub.es\/de\/wp-json\/wp\/v2\/comments?post=2784"}],"version-history":[{"count":3,"href":"https:\/\/montanaclub.es\/de\/wp-json\/wp\/v2\/pages\/2784\/revisions"}],"predecessor-version":[{"id":2794,"href":"https:\/\/montanaclub.es\/de\/wp-json\/wp\/v2\/pages\/2784\/revisions\/2794"}],"wp:attachment":[{"href":"https:\/\/montanaclub.es\/de\/wp-json\/wp\/v2\/media?parent=2784"}],"curies":[{"name":"wp","href":"https:\/\/api.w.org\/{rel}","templated":true}]}}