{"id":1410,"date":"2023-03-10T16:11:03","date_gmt":"2023-03-10T16:11:03","guid":{"rendered":"https:\/\/montanaclub.es\/servicios\/"},"modified":"2025-12-22T09:32:47","modified_gmt":"2025-12-22T09:32:47","slug":"dienstleistungen","status":"publish","type":"page","link":"https:\/\/montanaclub.es\/de\/dienstleistungen\/","title":{"rendered":"Dienstleistungen"},"content":{"rendered":"\n<style type=\"text\/css\">\n\t#bloque-s-caracteristicas-block_f7ed659a931b3e0c4b9b42e15845edfa {\n\t\t\/* Add styles that use ACF values here *\/\n\t}\n<\/style>\n\n\n<section id=\"bloque-s-caracteristicas-block_f7ed659a931b3e0c4b9b42e15845edfa\" class=\"container-fluid bg p-0 block-bloque-s-caracteristicas bg-color-tertiary-30\">\n\t<div class=\"container\">\n\t\t<div class=\"row\">\n\t\t\t<div class=\"c-icons d-flex flex-wrap align-content-center justify-content-between col-12 py-3 py-lg-4\">\n\t\t\t\t\t\t\t\t\t\t\t\t\t\t\t<div class=\"item col-4 text-center d-lg-flex flex-lg-wrap align-items-center\">\n\t\t\t\t\t\t\t\t\t\t\t\t\t\t\t<img decoding=\"async\" src=\"https:\/\/montanaclub.es\/wp-content\/uploads\/2023\/06\/Icon-weather-snowflake-cold-2.png\" class=\"img img-auto img-w-2-5\"\/>\n\t\t\t\t\t\t\t\t\t\t\t\t\t\t<p class=\"text text-family-secondary text-w-light text-uppercase m-0 d-none d-lg-inline-block ml-3\">Klimatisierung<\/p>\n\t\t\t\t\t\t<\/div>\n\t\t\t\t\t\t\t\t\t\t\t<div class=\"item col-4 text-center d-lg-flex flex-lg-wrap align-items-center\">\n\t\t\t\t\t\t\t\t\t\t\t\t\t\t\t<img decoding=\"async\" src=\"https:\/\/montanaclub.es\/wp-content\/uploads\/2023\/05\/icon_playa.png\" class=\"img img-auto img-w-2-5\"\/>\n\t\t\t\t\t\t\t\t\t\t\t\t\t\t<p class=\"text text-family-secondary text-w-light text-uppercase m-0 d-none d-lg-inline-block ml-3\">5 Minuten vom Strand entfernt<\/p>\n\t\t\t\t\t\t<\/div>\n\t\t\t\t\t\t\t\t\t\t\t<div class=\"item col-4 text-center d-lg-flex flex-lg-wrap align-items-center\">\n\t\t\t\t\t\t\t\t\t\t\t\t\t\t\t<img decoding=\"async\" src=\"https:\/\/montanaclub.es\/wp-content\/uploads\/2023\/05\/Icon-feather-wifi-1.png\" class=\"img img-auto img-w-2-5\"\/>\n\t\t\t\t\t\t\t\t\t\t\t\t\t\t<p class=\"text text-family-secondary text-w-light text-uppercase m-0 d-none d-lg-inline-block ml-3\">Kostenloses Wifi<\/p>\n\t\t\t\t\t\t<\/div>\n\t\t\t\t\t\t\t\t\t\t\t\t<\/div>\n\t\t<\/div>\n\t<\/div>\n<\/section>\n\n\n<style type=\"text\/css\">\n\t#bloque-c-action-block_93915588e559a89bd74875eca3d3ff62 {\n\t\t\/* Add styles that use ACF values here *\/\n\t}\n<\/style>\n\n<section id=\"bloque-c-action-block_93915588e559a89bd74875eca3d3ff62\" class=\"container-fluid bg bg-color-primary-0-8 mb-5 px-0 mt-5 mt-lg-0 block-bloque-c-action\">\n    <div class=\"container bg bg-color-white bg-lg-none\">\n        <div class=\"row\">\n            <div class=\"c-action col-12 d-flex flex-wrap pt-3 pt-lg-0 px-lg-0 align-items-center\">\n                <div class=\"images col-5 px-0 pr-lg-3\">\n                                                    <img decoding=\"async\"\n                        class=\"img img-contain img-h-170 img-w d-lg-none\"\n                        src=\"https:\/\/montanaclub.es\/wp-content\/uploads\/2023\/06\/logo-fidelizacionmontanamobile.jpg\"\n                        alt=\"\" \/>\n                                                                    <img decoding=\"async\"\n                        class=\"img img-auto img-h-170 img-w d-none d-lg-block\"\n                        src=\"https:\/\/montanaclub.es\/wp-content\/uploads\/2023\/06\/logo-fidelizacionmontanaclub.jpg\"\n                        alt=\"\" \/>\n                                <\/div>\n                <div class=\"caption col-7 pr-0 d-lg-flex align-items-lg-center pr-lg-4 justify-content-xl-between\">\n                    <p class=\"text text-size-lg-1-5 mb-2 mb-lg-0 mr-lg-3 col-lg-9 px-lg-0\">Als Mitglied des Treueclub haben Sie viele Vorteile. Werden Sie Mitglied und erhalten Sie einen zus\u00e4tzlichen Rabatt auf alle Ihre Reservierungen. <\/p>\n                                                                <a href=\"https:\/\/bookings.montanaclub.es\/de\/step-1?id=l02%24RQXTY%3AsZdSAY%3ATBLbQ&#038;arrival=25%2F04%2F2023&#038;departure=26%2F04%2F2023&#038;adults=2&#038;children=0\" class=\"btn btn-solid btn-solid-primary px-2 py-1 mb-2 px-3 py-1 text text-color-white text-family-secondary border-primary mb-lg-0\" target=\"_blank\">Verf\u00fcgbarkeit pr\u00fcfen<\/a>\n                                    <\/div>\n            <\/div>\n        <\/div>\n    <\/div>\n<\/section>\n\n\n<style type=\"text\/css\">\n\t#bloque-s-text-columns-block_1da3ed4071260f3dea9a39d7c3a885d5 {\n\t\t\/* Add styles that use ACF values here *\/\n\t}\n<\/style>\n\n<section id=\"bloque-s-text-columns-block_1da3ed4071260f3dea9a39d7c3a885d5\" class=\"container mb-5 block-bloque-s-text-columns\">\n    <div class=\"row\">\n        <div class=\"col-12 mb-3\">\n            <p class=\"text text-family-secondary text-color-primary text-size-1-3 text-size-lg-1-5 text-w-light m-0\"><\/p>\n            <p class=\"text text-family-tertiary text-size-1-5 text-size-lg-2 m-0\">Dienstleistungen<\/p>\n        <\/div>\n        <div class=\"col-12 columns text text-size-1-2 columns-lg-1\">\n            <p><span style=\"font-weight: 400\"><strong>Suite Hotel Montana Club<\/strong> ist eine komfortable Anlage, mit einer hervorragenden Lage<strong> in Puerto del Carmen.<\/strong> In der Anlage selbst werden Sie alles notwendige finden um einen exzellenten Aufenthalt in Lanzarote erleben zu k\u00f6nnen.<\/span><\/p>\n<p><span style=\"font-weight: 400\">Wir machen f\u00fcr Sie alles m\u00f6glich, damit Sie Ihren Aufenthalt von der ersten Minute an geniessen k\u00f6nnen. Das gesamte Team von Suite Hotel Montana <strong>Club steht Ihnen dazu zur vollst\u00e4ndigen Verf\u00fcgung.<\/strong><\/span><\/p>\n<p><span style=\"font-weight: 400\">Besuchen Sie uns und entdecken <strong>Sie unsere Serviceleistungen.<\/strong><\/span><\/p>\n        <\/div>\n    <\/div>\n<\/section>\n\n\n<style type=\"text\/css\">\n\t#bloque-c-suite-block_e740d731e9ab85dda85082b9088282a7 {\n\t\t\/* Add styles that use ACF values here *\/\n\t}\n<\/style>\n\n<div id=\"bloque-c-suite-block_e740d731e9ab85dda85082b9088282a7\" class=\"c-suite py-5 bg bg-color-eight-0-5 block-bloque-c-suite\">\n    <div class=\"container\">\n        <div class=\"row align-items-center flex-lg-row-reverse\">\n            <div class=\"col-12 col-md-6 col-xl-5 mb-3 mb-md-0 pl-xl-5\">\n                <h4 class=\"text text-family-secondary text-w-light text-size-2 mb-2\">Schwimmbecken<\/h4>\n                <div class=\"w-100 text text-size-1-2 mb-3\">\n                    <p>Es stehen Ihnen <strong>zwei gro\u00dfe, beheizte Schwimmb\u00e4der zur Verf\u00fcgung<\/strong>, eines davon mit einem Kinderbecken. In unseren Schwimmb\u00e4dern, die im Winter beheizt werden, k\u00f6nnen Sie ein angenehmes und entspannendes Bad nehmen. Sie k\u00f6nnen auch ein Sonnenbad nehmen und Ihr Lieblingsgetr\u00e4nk auf den Liegest\u00fchlen in<strong> unserem Solarium genie\u00dfen<\/strong>.<\/p>\n<p>Wenn Sie Badet\u00fccher ben\u00f6tigen, k\u00f6nnen Sie diese an unserer Rezeption gegen eine Kaution ausleihen.<\/p>\n                <\/div>\n                                            <\/div>\n                                        <div class=\"col-12 col-md-6 col-xl-7\">\n                    <img decoding=\"async\" src=\"https:\/\/montanaclub.es\/wp-content\/uploads\/2023\/06\/20230420_124831LR-piscinas.jpg\" class=\"img img-auto img-w img-h-300 img-h-lg-400\" alt=\"\" \/>\n                <\/div>\n                    <\/div>\n    <\/div>\n<\/div>\n\n\n<style type=\"text\/css\">\n\t#bloque-c-suite-block_2c122bfc639806abbc184ac492646b62 {\n\t\t\/* Add styles that use ACF values here *\/\n\t}\n<\/style>\n\n<div id=\"bloque-c-suite-block_2c122bfc639806abbc184ac492646b62\" class=\"c-suite py-5 bg bg-color-white block-bloque-c-suite\">\n    <div class=\"container\">\n        <div class=\"row align-items-center X\">\n            <div class=\"col-12 col-md-6 col-xl-5 mb-3 mb-md-0 pl-xl-5\">\n                <h4 class=\"text text-family-secondary text-w-light text-size-2 mb-2\">Snack bar<\/h4>\n                <div class=\"w-100 text text-size-1-2 mb-3\">\n                    <p>In unserer Snackbar k\u00f6nnen Sie bis 12 Uhr mittags ein reichhaltiges <strong>Fr\u00fchst\u00fcck<\/strong> a la carte geniessen. Desweiteren bietet Ihnen unsere Karte durchgehend eine grosse <strong>Auswahl an Aperitifs und Getr\u00e4nken an.<\/strong><\/p>\n<p>&nbsp;<\/p>\n                <\/div>\n                                            <\/div>\n                                        <div class=\"col-12 col-md-6 col-xl-7\">\n                    <img decoding=\"async\" src=\"https:\/\/montanaclub.es\/wp-content\/uploads\/2023\/06\/Montana-10LR-scaled.jpg\" class=\"img img-auto img-w img-h-300 img-h-lg-400\" alt=\"\" \/>\n                <\/div>\n                    <\/div>\n    <\/div>\n<\/div>\n\n\n<style type=\"text\/css\">\n\t#bloque-c-suite-block_f153f736e543ec82040c92f0b66637f3 {\n\t\t\/* Add styles that use ACF values here *\/\n\t}\n<\/style>\n\n<div id=\"bloque-c-suite-block_f153f736e543ec82040c92f0b66637f3\" class=\"c-suite py-5 bg bg-color-eight-0-5 block-bloque-c-suite\">\n    <div class=\"container\">\n        <div class=\"row align-items-center flex-lg-row-reverse\">\n            <div class=\"col-12 col-md-6 col-xl-5 mb-3 mb-md-0 pl-xl-5\">\n                <h4 class=\"text text-family-secondary text-w-light text-size-2 mb-2\">Andere serviceleistungen<\/h4>\n                <div class=\"w-100 text text-size-1-2 mb-3\">\n                    <ul>\n<li style=\"font-weight: 400\"><span style=\"font-weight: 400\">Rezeption von 8 bis 22 Uhr.<\/span><\/li>\n<li style=\"font-weight: 400\"><span style=\"font-weight: 400\">Information \u00fcber Sehensw\u00fcrdigkeiten und Ausfl\u00fcgen.<\/span><\/li>\n<li style=\"font-weight: 400\"><span style=\"font-weight: 400\">Gratis W-LAN<\/span><\/li>\n<li style=\"font-weight: 400\"><span style=\"font-weight: 400\">Kostenlose Parkpl\u00e4tze in der Strasse<\/span><\/li>\n<li>W\u00e4scherei-Service*<\/li>\n<li><span style=\"font-weight: 400\">Billard*<\/span><\/li>\n<\/ul>\n<p><span style=\"font-weight: 400\">*Serviceleistungen mit Zusatzkosten<\/span><\/p>\n                <\/div>\n                                            <\/div>\n                                        <div class=\"col-12 col-md-6 col-xl-7\">\n                    <img decoding=\"async\" src=\"https:\/\/montanaclub.es\/wp-content\/uploads\/2023\/06\/MontanaClub2023-1entrada-scaled.jpg\" class=\"img img-auto img-w img-h-300 img-h-lg-400\" alt=\"\" \/>\n                <\/div>\n                    <\/div>\n    <\/div>\n<\/div>\n\n\n<div style=\"height:91px\" aria-hidden=\"true\" class=\"wp-block-spacer\"><\/div>\n","protected":false},"excerpt":{"rendered":"<style type=\"text\/css\">\n\t#bloque-s-caracteristicas-block_f7ed659a931b3e0c4b9b42e15845edfa {\n\t\t\/* Add styles that use ACF values here *\/\n\t}\n<\/style>\n<p>\t\t\t\t\t\t\t\t\t\t\t\t\t\t\t<img decoding=\"async\" src=\"https:\/\/montanaclub.es\/wp-content\/uploads\/2023\/06\/Icon-weather-snowflake-cold-2.png\" class=\"img img-auto img-w-2-5\"\/><\/p>\n<p class=\"text text-family-secondary text-w-light text-uppercase m-0 d-none d-lg-inline-block ml-3\">Klimatisierung<\/p>\n<p>\t\t\t\t\t\t\t\t\t\t\t\t\t\t\t<img decoding=\"async\" src=\"https:\/\/montanaclub.es\/wp-content\/uploads\/2023\/05\/icon_playa.png\" class=\"img img-auto img-w-2-5\"\/><\/p>\n<p class=\"text text-family-secondary text-w-light text-uppercase m-0 d-none d-lg-inline-block ml-3\">5 Minuten vom Strand entfernt<\/p>\n<p>\t\t\t\t\t\t\t\t\t\t\t\t\t\t\t<img decoding=\"async\" src=\"https:\/\/montanaclub.es\/wp-content\/uploads\/2023\/05\/Icon-feather-wifi-1.png\" class=\"img img-auto img-w-2-5\"\/><\/p>\n<p class=\"text text-family-secondary text-w-light text-uppercase m-0 d-none d-lg-inline-block ml-3\">Kostenloses Wifi<\/p>\n<style type=\"text\/css\">\n\t#bloque-c-action-block_93915588e559a89bd74875eca3d3ff62 {\n\t\t\/* Add styles that use ACF values here *\/\n\t}\n<\/style>\n<p>                                                    <img decoding=\"async\"\n                        class=\"img img-contain img-h-170 img-w d-lg-none\"\n                        src=\"https:\/\/montanaclub.es\/wp-content\/uploads\/2023\/06\/logo-fidelizacionmontanamobile.jpg\"\n                        alt=\"\" \/><br \/>\n                                                                    <img decoding=\"async\"\n                        class=\"img img-auto img-h-170 img-w d-none d-lg-block\"\n                        src=\"https:\/\/montanaclub.es\/wp-content\/uploads\/2023\/06\/logo-fidelizacionmontanaclub.jpg\"\n                        alt=\"\" \/><\/p>\n<p class=\"text text-size-lg-1-5 mb-2 mb-lg-0 mr-lg-3 col-lg-9 px-lg-0\">Als Mitglied des Treueclub haben Sie viele Vorteile.<\/p>\n<p>[&#8230;]<\/p>\n","protected":false},"author":2,"featured_media":5274,"parent":0,"menu_order":0,"comment_status":"closed","ping_status":"closed","template":"page-templates\/servicios.php","meta":{"_acf_changed":false,"inline_featured_image":false,"footnotes":""},"class_list":["post-1410","page","type-page","status-publish","has-post-thumbnail","hentry"],"acf":[],"yoast_head":"<!-- This site is optimized with the Yoast SEO plugin v27.3 - https:\/\/yoast.com\/product\/yoast-seo-wordpress\/ -->\n<title>Dienstleistungen - Montana Club<\/title>\n<meta name=\"robots\" content=\"index, follow, max-snippet:-1, max-image-preview:large, max-video-preview:-1\" \/>\n<link rel=\"canonical\" href=\"https:\/\/montanaclub.es\/de\/dienstleistungen\/\" \/>\n<meta property=\"og:locale\" content=\"de_DE\" \/>\n<meta property=\"og:type\" content=\"article\" \/>\n<meta property=\"og:title\" content=\"Dienstleistungen - Montana Club\" \/>\n<meta property=\"og:description\" content=\"Klimatisierung                         5 Minuten vom Strand entfernt                         Kostenloses Wifi                                                                                                                                      Als Mitglied des Treueclub haben Sie viele Vorteile.[...]\" \/>\n<meta property=\"og:url\" content=\"https:\/\/montanaclub.es\/de\/dienstleistungen\/\" \/>\n<meta property=\"og:site_name\" content=\"Montana Club\" \/>\n<meta property=\"article:modified_time\" content=\"2025-12-22T09:32:47+00:00\" \/>\n<meta property=\"og:image\" content=\"https:\/\/montanaclub.es\/wp-content\/uploads\/2025\/10\/004_BAR-PISCINA-1.jpeg\" \/>\n\t<meta property=\"og:image:width\" content=\"1280\" \/>\n\t<meta property=\"og:image:height\" content=\"853\" \/>\n\t<meta property=\"og:image:type\" content=\"image\/jpeg\" \/>\n<meta name=\"twitter:card\" content=\"summary_large_image\" \/>\n<meta name=\"twitter:label1\" content=\"Gesch\u00e4tzte Lesezeit\" \/>\n\t<meta name=\"twitter:data1\" content=\"1\u00a0Minute\" \/>\n<script type=\"application\/ld+json\" class=\"yoast-schema-graph\">{\"@context\":\"https:\\\/\\\/schema.org\",\"@graph\":[{\"@type\":\"WebPage\",\"@id\":\"https:\\\/\\\/montanaclub.es\\\/de\\\/dienstleistungen\\\/\",\"url\":\"https:\\\/\\\/montanaclub.es\\\/de\\\/dienstleistungen\\\/\",\"name\":\"Dienstleistungen - Montana Club\",\"isPartOf\":{\"@id\":\"https:\\\/\\\/montanaclub.es\\\/de\\\/#website\"},\"primaryImageOfPage\":{\"@id\":\"https:\\\/\\\/montanaclub.es\\\/de\\\/dienstleistungen\\\/#primaryimage\"},\"image\":{\"@id\":\"https:\\\/\\\/montanaclub.es\\\/de\\\/dienstleistungen\\\/#primaryimage\"},\"thumbnailUrl\":\"https:\\\/\\\/montanaclub.es\\\/wp-content\\\/uploads\\\/2025\\\/10\\\/004_BAR-PISCINA-1.jpeg\",\"datePublished\":\"2023-03-10T16:11:03+00:00\",\"dateModified\":\"2025-12-22T09:32:47+00:00\",\"breadcrumb\":{\"@id\":\"https:\\\/\\\/montanaclub.es\\\/de\\\/dienstleistungen\\\/#breadcrumb\"},\"inLanguage\":\"de\",\"potentialAction\":[{\"@type\":\"ReadAction\",\"target\":[\"https:\\\/\\\/montanaclub.es\\\/de\\\/dienstleistungen\\\/\"]}]},{\"@type\":\"ImageObject\",\"inLanguage\":\"de\",\"@id\":\"https:\\\/\\\/montanaclub.es\\\/de\\\/dienstleistungen\\\/#primaryimage\",\"url\":\"https:\\\/\\\/montanaclub.es\\\/wp-content\\\/uploads\\\/2025\\\/10\\\/004_BAR-PISCINA-1.jpeg\",\"contentUrl\":\"https:\\\/\\\/montanaclub.es\\\/wp-content\\\/uploads\\\/2025\\\/10\\\/004_BAR-PISCINA-1.jpeg\",\"width\":1280,\"height\":853,\"caption\":\"Suite Hotel Montana Club\"},{\"@type\":\"BreadcrumbList\",\"@id\":\"https:\\\/\\\/montanaclub.es\\\/de\\\/dienstleistungen\\\/#breadcrumb\",\"itemListElement\":[{\"@type\":\"ListItem\",\"position\":1,\"name\":\"Portada\",\"item\":\"https:\\\/\\\/montanaclub.es\\\/de\\\/\"},{\"@type\":\"ListItem\",\"position\":2,\"name\":\"Dienstleistungen\"}]},{\"@type\":\"WebSite\",\"@id\":\"https:\\\/\\\/montanaclub.es\\\/de\\\/#website\",\"url\":\"https:\\\/\\\/montanaclub.es\\\/de\\\/\",\"name\":\"Montana Club\",\"description\":\"Entdecken Sie Ihr Hotel Lanzarote in PdC, in unmittelbarer N\u00e4he zum Strand, einer Vielzahl von Freizeitangeboten und Restaurants. Verpassen Sie nicht die M\u00f6glichkeit, Montana Club kennenzulernen!\",\"publisher\":{\"@id\":\"https:\\\/\\\/montanaclub.es\\\/de\\\/#organization\"},\"alternateName\":\"Suites del Hotel Montana Club - Confort y Elegancia en Lanzarote\",\"potentialAction\":[{\"@type\":\"SearchAction\",\"target\":{\"@type\":\"EntryPoint\",\"urlTemplate\":\"https:\\\/\\\/montanaclub.es\\\/de\\\/?s={search_term_string}\"},\"query-input\":{\"@type\":\"PropertyValueSpecification\",\"valueRequired\":true,\"valueName\":\"search_term_string\"}}],\"inLanguage\":\"de\"},{\"@type\":\"Organization\",\"@id\":\"https:\\\/\\\/montanaclub.es\\\/de\\\/#organization\",\"name\":\"Hotel Montana Club\",\"alternateName\":\"Suites del Hotel Montana Club - Confort y Elegancia en Lanzarote\",\"url\":\"https:\\\/\\\/montanaclub.es\\\/de\\\/\",\"logo\":{\"@type\":\"ImageObject\",\"inLanguage\":\"de\",\"@id\":\"https:\\\/\\\/montanaclub.es\\\/de\\\/#\\\/schema\\\/logo\\\/image\\\/\",\"url\":\"https:\\\/\\\/montanaclub.es\\\/wp-content\\\/uploads\\\/2023\\\/05\\\/LOGO-MONTANA-SUITE-HOTEL-2023-sin-fondo-5.png\",\"contentUrl\":\"https:\\\/\\\/montanaclub.es\\\/wp-content\\\/uploads\\\/2023\\\/05\\\/LOGO-MONTANA-SUITE-HOTEL-2023-sin-fondo-5.png\",\"width\":1173,\"height\":1080,\"caption\":\"Hotel Montana Club\"},\"image\":{\"@id\":\"https:\\\/\\\/montanaclub.es\\\/de\\\/#\\\/schema\\\/logo\\\/image\\\/\"}}]}<\/script>\n<!-- \/ Yoast SEO plugin. -->","yoast_head_json":{"title":"Dienstleistungen - Montana Club","robots":{"index":"index","follow":"follow","max-snippet":"max-snippet:-1","max-image-preview":"max-image-preview:large","max-video-preview":"max-video-preview:-1"},"canonical":"https:\/\/montanaclub.es\/de\/dienstleistungen\/","og_locale":"de_DE","og_type":"article","og_title":"Dienstleistungen - Montana Club","og_description":"Klimatisierung                         5 Minuten vom Strand entfernt                         Kostenloses Wifi                                                                                                                                      Als Mitglied des Treueclub haben Sie viele Vorteile.[...]","og_url":"https:\/\/montanaclub.es\/de\/dienstleistungen\/","og_site_name":"Montana Club","article_modified_time":"2025-12-22T09:32:47+00:00","og_image":[{"width":1280,"height":853,"url":"https:\/\/montanaclub.es\/wp-content\/uploads\/2025\/10\/004_BAR-PISCINA-1.jpeg","type":"image\/jpeg"}],"twitter_card":"summary_large_image","twitter_misc":{"Gesch\u00e4tzte Lesezeit":"1\u00a0Minute"},"schema":{"@context":"https:\/\/schema.org","@graph":[{"@type":"WebPage","@id":"https:\/\/montanaclub.es\/de\/dienstleistungen\/","url":"https:\/\/montanaclub.es\/de\/dienstleistungen\/","name":"Dienstleistungen - Montana Club","isPartOf":{"@id":"https:\/\/montanaclub.es\/de\/#website"},"primaryImageOfPage":{"@id":"https:\/\/montanaclub.es\/de\/dienstleistungen\/#primaryimage"},"image":{"@id":"https:\/\/montanaclub.es\/de\/dienstleistungen\/#primaryimage"},"thumbnailUrl":"https:\/\/montanaclub.es\/wp-content\/uploads\/2025\/10\/004_BAR-PISCINA-1.jpeg","datePublished":"2023-03-10T16:11:03+00:00","dateModified":"2025-12-22T09:32:47+00:00","breadcrumb":{"@id":"https:\/\/montanaclub.es\/de\/dienstleistungen\/#breadcrumb"},"inLanguage":"de","potentialAction":[{"@type":"ReadAction","target":["https:\/\/montanaclub.es\/de\/dienstleistungen\/"]}]},{"@type":"ImageObject","inLanguage":"de","@id":"https:\/\/montanaclub.es\/de\/dienstleistungen\/#primaryimage","url":"https:\/\/montanaclub.es\/wp-content\/uploads\/2025\/10\/004_BAR-PISCINA-1.jpeg","contentUrl":"https:\/\/montanaclub.es\/wp-content\/uploads\/2025\/10\/004_BAR-PISCINA-1.jpeg","width":1280,"height":853,"caption":"Suite Hotel Montana Club"},{"@type":"BreadcrumbList","@id":"https:\/\/montanaclub.es\/de\/dienstleistungen\/#breadcrumb","itemListElement":[{"@type":"ListItem","position":1,"name":"Portada","item":"https:\/\/montanaclub.es\/de\/"},{"@type":"ListItem","position":2,"name":"Dienstleistungen"}]},{"@type":"WebSite","@id":"https:\/\/montanaclub.es\/de\/#website","url":"https:\/\/montanaclub.es\/de\/","name":"Montana Club","description":"Entdecken Sie Ihr Hotel Lanzarote in PdC, in unmittelbarer N\u00e4he zum Strand, einer Vielzahl von Freizeitangeboten und Restaurants. Verpassen Sie nicht die M\u00f6glichkeit, Montana Club kennenzulernen!","publisher":{"@id":"https:\/\/montanaclub.es\/de\/#organization"},"alternateName":"Suites del Hotel Montana Club - Confort y Elegancia en Lanzarote","potentialAction":[{"@type":"SearchAction","target":{"@type":"EntryPoint","urlTemplate":"https:\/\/montanaclub.es\/de\/?s={search_term_string}"},"query-input":{"@type":"PropertyValueSpecification","valueRequired":true,"valueName":"search_term_string"}}],"inLanguage":"de"},{"@type":"Organization","@id":"https:\/\/montanaclub.es\/de\/#organization","name":"Hotel Montana Club","alternateName":"Suites del Hotel Montana Club - Confort y Elegancia en Lanzarote","url":"https:\/\/montanaclub.es\/de\/","logo":{"@type":"ImageObject","inLanguage":"de","@id":"https:\/\/montanaclub.es\/de\/#\/schema\/logo\/image\/","url":"https:\/\/montanaclub.es\/wp-content\/uploads\/2023\/05\/LOGO-MONTANA-SUITE-HOTEL-2023-sin-fondo-5.png","contentUrl":"https:\/\/montanaclub.es\/wp-content\/uploads\/2023\/05\/LOGO-MONTANA-SUITE-HOTEL-2023-sin-fondo-5.png","width":1173,"height":1080,"caption":"Hotel Montana Club"},"image":{"@id":"https:\/\/montanaclub.es\/de\/#\/schema\/logo\/image\/"}}]}},"_links":{"self":[{"href":"https:\/\/montanaclub.es\/de\/wp-json\/wp\/v2\/pages\/1410","targetHints":{"allow":["GET"]}}],"collection":[{"href":"https:\/\/montanaclub.es\/de\/wp-json\/wp\/v2\/pages"}],"about":[{"href":"https:\/\/montanaclub.es\/de\/wp-json\/wp\/v2\/types\/page"}],"author":[{"embeddable":true,"href":"https:\/\/montanaclub.es\/de\/wp-json\/wp\/v2\/users\/2"}],"replies":[{"embeddable":true,"href":"https:\/\/montanaclub.es\/de\/wp-json\/wp\/v2\/comments?post=1410"}],"version-history":[{"count":63,"href":"https:\/\/montanaclub.es\/de\/wp-json\/wp\/v2\/pages\/1410\/revisions"}],"predecessor-version":[{"id":5376,"href":"https:\/\/montanaclub.es\/de\/wp-json\/wp\/v2\/pages\/1410\/revisions\/5376"}],"wp:featuredmedia":[{"embeddable":true,"href":"https:\/\/montanaclub.es\/de\/wp-json\/wp\/v2\/media\/5274"}],"wp:attachment":[{"href":"https:\/\/montanaclub.es\/de\/wp-json\/wp\/v2\/media?parent=1410"}],"curies":[{"name":"wp","href":"https:\/\/api.w.org\/{rel}","templated":true}]}}