{"id":1280,"date":"2023-04-23T15:35:24","date_gmt":"2023-04-23T15:35:24","guid":{"rendered":"https:\/\/montanaclub.es\/promociones__trashed\/"},"modified":"2026-03-02T10:46:22","modified_gmt":"2026-03-02T10:46:22","slug":"angebote","status":"publish","type":"page","link":"https:\/\/montanaclub.es\/de\/angebote\/","title":{"rendered":"Angebote"},"content":{"rendered":"\n<style type=\"text\/css\">\n\t#bloque-s-caracteristicas-block_540806bafd2547b7fbb12bcb2408c56e {\n\t\t\/* Add styles that use ACF values here *\/\n\t}\n<\/style>\n\n\n<section id=\"bloque-s-caracteristicas-block_540806bafd2547b7fbb12bcb2408c56e\" class=\"container-fluid bg p-0 block-bloque-s-caracteristicas bg-color-tertiary-30\">\n\t<div class=\"container\">\n\t\t<div class=\"row\">\n\t\t\t<div class=\"c-icons d-flex flex-wrap align-content-center justify-content-between col-12 py-3 py-lg-4\">\n\t\t\t\t\t\t\t\t\t\t\t\t\t\t\t<div class=\"item col-4 text-center d-lg-flex flex-lg-wrap align-items-center\">\n\t\t\t\t\t\t\t\t\t\t\t\t\t\t\t<img decoding=\"async\" src=\"https:\/\/montanaclub.es\/wp-content\/uploads\/2023\/06\/Icon-weather-snowflake-cold-2.png\" class=\"img img-auto img-w-2-5\"\/>\n\t\t\t\t\t\t\t\t\t\t\t\t\t\t<p class=\"text text-family-secondary text-w-light text-uppercase m-0 d-none d-lg-inline-block ml-3\">Akklimatisierte Luft<\/p>\n\t\t\t\t\t\t<\/div>\n\t\t\t\t\t\t\t\t\t\t\t<div class=\"item col-4 text-center d-lg-flex flex-lg-wrap align-items-center\">\n\t\t\t\t\t\t\t\t\t\t\t\t\t\t\t<img decoding=\"async\" src=\"https:\/\/montanaclub.es\/wp-content\/uploads\/2023\/05\/icon_playa.png\" class=\"img img-auto img-w-2-5\"\/>\n\t\t\t\t\t\t\t\t\t\t\t\t\t\t<p class=\"text text-family-secondary text-w-light text-uppercase m-0 d-none d-lg-inline-block ml-3\">5 Minuten vom Strand entfernt<\/p>\n\t\t\t\t\t\t<\/div>\n\t\t\t\t\t\t\t\t\t\t\t<div class=\"item col-4 text-center d-lg-flex flex-lg-wrap align-items-center\">\n\t\t\t\t\t\t\t\t\t\t\t\t\t\t\t<img decoding=\"async\" src=\"https:\/\/montanaclub.es\/wp-content\/uploads\/2023\/05\/Icon-feather-wifi-1.png\" class=\"img img-auto img-w-2-5\"\/>\n\t\t\t\t\t\t\t\t\t\t\t\t\t\t<p class=\"text text-family-secondary text-w-light text-uppercase m-0 d-none d-lg-inline-block ml-3\">Free Wifi<\/p>\n\t\t\t\t\t\t<\/div>\n\t\t\t\t\t\t\t\t\t\t\t\t<\/div>\n\t\t<\/div>\n\t<\/div>\n<\/section>\n\n\n<style type=\"text\/css\">\n\t#bloque-c-action-block_75d631a14e67a2348dc9dabac3def82d {\n\t\t\/* Add styles that use ACF values here *\/\n\t}\n<\/style>\n\n<section id=\"bloque-c-action-block_75d631a14e67a2348dc9dabac3def82d\" class=\"container-fluid bg bg-color-primary-0-8 mb-5 px-0 mt-5 mt-lg-0 block-bloque-c-action\">\n    <div class=\"container bg bg-color-white bg-lg-none\">\n        <div class=\"row\">\n            <div class=\"c-action col-12 d-flex flex-wrap pt-3 pt-lg-0 px-lg-0 align-items-center\">\n                <div class=\"images col-5 px-0 pr-lg-3\">\n                                                    <img decoding=\"async\"\n                        class=\"img img-contain img-h-170 img-w d-lg-none\"\n                        src=\"https:\/\/montanaclub.es\/wp-content\/uploads\/2023\/06\/logo-fidelizacionmontanamobile.jpg\"\n                        alt=\"\" \/>\n                                                                    <img decoding=\"async\"\n                        class=\"img img-auto img-h-170 img-w d-none d-lg-block\"\n                        src=\"https:\/\/montanaclub.es\/wp-content\/uploads\/2023\/06\/logo-fidelizacionmontanaclub.jpg\"\n                        alt=\"\" \/>\n                                <\/div>\n                <div class=\"caption col-7 pr-0 d-lg-flex align-items-lg-center pr-lg-4 justify-content-xl-between\">\n                    <p class=\"text text-size-lg-1-5 mb-2 mb-lg-0 mr-lg-3 col-lg-9 px-lg-0\">Als Mitglied des Treueclub haben Sie viele Vorteile. Werden Sie jetzt Mitglied und erhalten Sie einen zus\u00e4tzlichen Rabatt auf alle Ihre Buchungen. <\/p>\n                                                                <a href=\"https:\/\/bookings.montanaclub.es\/de\/step-1?id=l02%24RQXTY%3AsZdSAY%3ATBLbQ&#038;arrival=24%2F04%2F2023&#038;departure=25%2F04%2F2023&#038;adults=2&#038;children=0\" class=\"btn btn-solid btn-solid-primary px-2 py-1 mb-2 px-3 py-1 text text-color-white text-family-secondary border-primary mb-lg-0\" target=\"_blank\">Jetzt buchen<\/a>\n                                    <\/div>\n            <\/div>\n        <\/div>\n    <\/div>\n<\/section>\n\n\n<style type=\"text\/css\">\n\t#bloque-s-promociones-block_109c5173c6d2fa48cb0a31afae0ee97e {\n\t\t\/* Add styles that use ACF values here *\/\n\t}\n<\/style>\n\n\n<section id=\"bloque-s-promociones-block_109c5173c6d2fa48cb0a31afae0ee97e\" class=\"container mb-5 block-bloque-s-promociones container\">\n    <div class=\"row\">\n        <div class=\"col-12 mb-4\">\n            <p class=\"text text-family-secondary text-color-primary text-size-1-1 text-size-lg-1-3 text-w-light m-0\">Nutzen Sie unsere Sonderangebote und buchen Sie Ihren Aufenthalt zum besten Preis.<\/p>\n            <p class=\"text text-family-tertiary text-size-1-5 text-size-lg-2 m-0\">Angebote<\/p>\n        <\/div>\n\n        <div class=\"col-12 d-flex flex-wrap px-0\">\n                                                <div class=\"b-oferta col-12 col-lg-6 mb-3 mb-md-5\">\n                        <div class=\"bg bg-color-eight-0-5 w-100 overflow-hidden\">\n                                                            <div class=\"images mb-3\">\n                                    <img decoding=\"async\" src=\"https:\/\/montanaclub.es\/wp-content\/uploads\/2025\/10\/036_LETRERO-Montana.jpeg\" class=\"img img-auto img-h-200 img-h-lg-250 img-w\" \/>\n                                <\/div>\n                                                        <div class=\"captions px-4 pb-4 d-flex flex-column\">\n                                <h3 class=\"text text-family-secondary text-size-1-5 text-size-lg-2 text-w-light mb-2\">Treueclub<\/h3>\n                                <div class=\"text mb-4\"><p><span style=\"font-weight: 400\">Mitglied im Club Montana zu sein, bringt Ihnen Vorteile. Genie\u00dfen Sie <strong>eine zus\u00e4tzliche Erm\u00e4\u00dfigung bei Buchung<\/strong> auf unserer Website. Im folgenden Schritt des Reservierungsvorgangs m\u00fcssen Sie das Kontrollk\u00e4stchen<strong> &#8218;exclusive Preisnachl\u00e4sse des Treueclub&#8216;<\/strong> aktivieren.<\/span><\/p>\n<p><strong>Bedingungen:<\/strong><\/p>\n<ul>\n<li style=\"font-weight: 400\"><span style=\"font-weight: 400\">Nur g\u00fcltig f\u00fcr Reservierungen auf unserer Website.<\/span><\/li>\n<li style=\"font-weight: 400\"><span style=\"font-weight: 400\">Die Erm\u00e4\u00dfigung unterliegt der Akzeptanz der &#8222;Treueclub&#8220; Programmbedingungen.<\/span><\/li>\n<li style=\"font-weight: 400\"><span style=\"font-weight: 400\">Je nach Verf\u00fcgbarkeit.<\/span><\/li>\n<\/ul>\n<p>&nbsp;<\/p>\n<\/div>\n                                                                                                    <a href=\"https:\/\/bookings.montanaclub.es\/de\/step-1?id=l02%24RQXTY%3AsZdSAY%3ATBLbQ&#038;arrival=8-7-2022&#038;departure=12%2F05%2F2021&#038;adults=2&#038;children=0%20\" class=\"btn btn-solid btn-solid-primary px-5 py-3 mt-auto w-100 w-lg-50\" target=\"_blank\">BUCHE JETZT<\/a>\n                                                            <\/div>\n                        <\/div>\n                    <\/div> \n                                    <div class=\"b-oferta col-12 col-lg-6 mb-3 mb-md-5\">\n                        <div class=\"bg bg-color-eight-0-5 w-100 overflow-hidden\">\n                                                            <div class=\"images mb-3\">\n                                    <img decoding=\"async\" src=\"https:\/\/montanaclub.es\/wp-content\/uploads\/2024\/07\/Suite-Premium-1-dormitorio-piloto-SUITE-HOTEL-MONTANA-CLUB-5.jpg\" class=\"img img-auto img-h-200 img-h-lg-250 img-w\" \/>\n                                <\/div>\n                                                        <div class=\"captions px-4 pb-4 d-flex flex-column\">\n                                <h3 class=\"text text-family-secondary text-size-1-5 text-size-lg-2 text-w-light mb-2\">Genie\u00dfen Sie einen Premium-Urlaub<\/h3>\n                                <div class=\"text mb-4\"><p>Suchen Sie die perfekte Balance zwischen Design und Komfort? Unsere Premium-Suite mit einem Schlafzimmer bietet ein modernes und helles Ambiente, ideal f\u00fcr einen entspannten Aufenthalt mit Familie oder Freunden.<\/p>\n<p>Verpassen Sie nicht die Gelegenheit, einen Urlaub der Extraklasse zu erleben. Buchen Sie noch heute und entdecken Sie, warum unsere Suite der bestgeh\u00fctete Geheimtipp der Insel ist. Entspannung pur erwartet Sie.<\/p>\n<\/div>\n                                                                                                    <a href=\"https:\/\/bookings.montanaclub.es\/de\/step-1?id=l02%24RQXTY%3AsZdSAY%3ATBLbQ&#038;roomid=16326&#038;arrival=2026-05-11&#038;departure=2026-05-14&#038;adults=2&#038;children=0&#038;babies=0&#038;nights=3\" class=\"btn btn-solid btn-solid-primary px-5 py-3 mt-auto w-100 w-lg-50\" target=\"_blank\">BUCHE JETZT<\/a>\n                                                            <\/div>\n                        <\/div>\n                    <\/div> \n                                    <div class=\"b-oferta col-12 col-lg-6 mb-3 mb-md-5\">\n                        <div class=\"bg bg-color-eight-0-5 w-100 overflow-hidden\">\n                                                            <div class=\"images mb-3\">\n                                    <img decoding=\"async\" src=\"https:\/\/montanaclub.es\/wp-content\/uploads\/2025\/10\/021_TERRAZA-Suites.jpeg\" class=\"img img-auto img-h-200 img-h-lg-250 img-w\" \/>\n                                <\/div>\n                                                        <div class=\"captions px-4 pb-4 d-flex flex-column\">\n                                <h3 class=\"text text-family-secondary text-size-1-5 text-size-lg-2 text-w-light mb-2\">Sichern Sie sich jetzt Ihren Sommer 2026 <\/h3>\n                                <div class=\"text mb-4\"><p>Genie\u00dfen Sie den Sommer 2026 im Suite Hotel Montana Club <strong>ab 118 \u20ac pro Nacht<\/strong>, dem perfekten R\u00fcckzugsort in Puerto del Carmen, Lanzarote. Entspannen Sie sich in unseren komfortablen Suiten und relaxen Sie an unseren ruhigen Pools, nur 5 Minuten vom Strand entfernt.<\/p>\n<p>Buchen Sie jetzt \u00fcber unsere Website und erhalten Sie einen exklusiven Rabatt f\u00fcr einen unvergesslichen Urlaub.<\/p>\n<p>Sichern Sie sich Ihren idealen Aufenthalt und buchen Sie noch heute Ihren Sommer voller Entspannung und Komfort!<\/p>\n<\/div>\n                                                                                                    <a href=\"https:\/\/bookings.montanaclub.es\/de\/step-1?id=l02%24RQXTY%3AsZdSAY%3ATBLbQ&#038;arrival=04%2F05%2F2026&#038;departure=07%2F05%2F2026&#038;date_range=04%2F05%2F2026%20-%2007%2F05%2F2026&#038;adults%5B0%5D=2&#038;babies%5B0%5D=0&#038;babies%5B1%5D=0&#038;_gl=1*1py76ao*_gcl_au*NjQ2ODIwMjgwLjE3NTMzNzE3NjYuMTE1NDI3MjkyMC4xNzU5ODUyMTU4LjE3NTk4NTIxNTg.\" class=\"btn btn-solid btn-solid-primary px-5 py-3 mt-auto w-100 w-lg-50\" target=\"_blank\">BUCHE JEZT<\/a>\n                                                            <\/div>\n                        <\/div>\n                    <\/div> \n                                    <div class=\"b-oferta col-12 col-lg-6 mb-3 mb-md-5\">\n                        <div class=\"bg bg-color-eight-0-5 w-100 overflow-hidden\">\n                                                            <div class=\"images mb-3\">\n                                    <img decoding=\"async\" src=\"https:\/\/montanaclub.es\/wp-content\/uploads\/2025\/10\/013_PANORAMICA-PISCINA-.jpeg\" class=\"img img-auto img-h-200 img-h-lg-250 img-w\" \/>\n                                <\/div>\n                                                        <div class=\"captions px-4 pb-4 d-flex flex-column\">\n                                <h3 class=\"text text-family-secondary text-size-1-5 text-size-lg-2 text-w-light mb-2\">Tausche deinen Schal gegen einen Badeanzug, schon ab 130 Euro<\/h3>\n                                <div class=\"text mb-4\"><p>Ab sofort kannst du deinen Winterurlaub 2026\u20132027 buchen!<\/p>\n<p>Genie\u00dfe milde Tage, die Atlantikbrise und diese besondere Ruhe, die du nur im Montana Club findest.<\/p>\n<p>Buchen Sie jetzt Ihren n\u00e4chsten Urlaub in der Sonne auf Lanzarote ab nur 130 Euro\/Nacht.<\/p>\n<p>Bedingungen:<\/p>\n<ul>\n<li>G\u00fcltig f\u00fcr Aufenthalte zwischen November 2026 und April 2027.<\/li>\n<li>Der Rabatt gilt nur bei Zustimmung zu den Bedingungen des \u201eTreueclubs\u201c.<\/li>\n<li>Angebot vorbehaltlich der Verf\u00fcgbarkeit.<\/li>\n<\/ul>\n<\/div>\n                                                                                                    <a href=\"https:\/\/bookings.montanaclub.es\/de\/step-1?id=l02%24RQXTY%3AsZdSAY%3ATBLbQ&#038;roomid=16326&#038;arrival=2026-12-01&#038;departure=2026-12-04&#038;adults=2&#038;children=0&#038;babies=0&#038;nights=3&#038;_gl=1*1uay6aj*_gcl_au*MTE0NjQyNjkyMi4xNzY5NTE5OTU0LjI0OTU1NDEyMS4xNzcwMTE5NDY5LjE3NzAxMTk0NzA.\" class=\"btn btn-solid btn-solid-primary px-5 py-3 mt-auto w-100 w-lg-50\" target=\"_blank\">BUCHE JETZT<\/a>\n                                                            <\/div>\n                        <\/div>\n                    <\/div> \n                                    <\/div>\n    <\/div>\n<\/section>\n","protected":false},"excerpt":{"rendered":"<style type=\"text\/css\">\n\t#bloque-s-caracteristicas-block_540806bafd2547b7fbb12bcb2408c56e {\n\t\t\/* Add styles that use ACF values here *\/\n\t}\n<\/style>\n<p>\t\t\t\t\t\t\t\t\t\t\t\t\t\t\t<img decoding=\"async\" src=\"https:\/\/montanaclub.es\/wp-content\/uploads\/2023\/06\/Icon-weather-snowflake-cold-2.png\" class=\"img img-auto img-w-2-5\"\/><\/p>\n<p class=\"text text-family-secondary text-w-light text-uppercase m-0 d-none d-lg-inline-block ml-3\">Akklimatisierte Luft<\/p>\n<p>\t\t\t\t\t\t\t\t\t\t\t\t\t\t\t<img decoding=\"async\" src=\"https:\/\/montanaclub.es\/wp-content\/uploads\/2023\/05\/icon_playa.png\" class=\"img img-auto img-w-2-5\"\/><\/p>\n<p class=\"text text-family-secondary text-w-light text-uppercase m-0 d-none d-lg-inline-block ml-3\">5 Minuten vom Strand entfernt<\/p>\n<p>\t\t\t\t\t\t\t\t\t\t\t\t\t\t\t<img decoding=\"async\" src=\"https:\/\/montanaclub.es\/wp-content\/uploads\/2023\/05\/Icon-feather-wifi-1.png\" class=\"img img-auto img-w-2-5\"\/><\/p>\n<p class=\"text text-family-secondary text-w-light text-uppercase m-0 d-none d-lg-inline-block ml-3\">Free Wifi<\/p>\n<style type=\"text\/css\">\n\t#bloque-c-action-block_75d631a14e67a2348dc9dabac3def82d {\n\t\t\/* Add styles that use ACF values here *\/\n\t}\n<\/style>\n<p>                                                    <img decoding=\"async\"\n                        class=\"img img-contain img-h-170 img-w d-lg-none\"\n                        src=\"https:\/\/montanaclub.es\/wp-content\/uploads\/2023\/06\/logo-fidelizacionmontanamobile.jpg\"\n                        alt=\"\" \/><br \/>\n                                                                    <img decoding=\"async\"\n                        class=\"img img-auto img-h-170 img-w d-none d-lg-block\"\n                        src=\"https:\/\/montanaclub.es\/wp-content\/uploads\/2023\/06\/logo-fidelizacionmontanaclub.jpg\"\n                        alt=\"\" \/><\/p>\n<p class=\"text text-size-lg-1-5 mb-2 mb-lg-0 mr-lg-3 col-lg-9 px-lg-0\">Als Mitglied des Treueclub haben Sie viele Vorteile.<\/p>\n<p>[&#8230;]<\/p>\n","protected":false},"author":2,"featured_media":3398,"parent":0,"menu_order":0,"comment_status":"closed","ping_status":"closed","template":"page-templates\/ofertas.php","meta":{"_acf_changed":false,"inline_featured_image":false,"footnotes":""},"class_list":["post-1280","page","type-page","status-publish","has-post-thumbnail","hentry"],"acf":[],"yoast_head":"<!-- This site is optimized with the Yoast SEO plugin v27.6 - https:\/\/yoast.com\/product\/yoast-seo-wordpress\/ -->\n<title>Angebote - Montana Club<\/title>\n<meta name=\"robots\" content=\"index, follow, max-snippet:-1, max-image-preview:large, max-video-preview:-1\" \/>\n<link rel=\"canonical\" href=\"https:\/\/montanaclub.es\/de\/angebote\/\" \/>\n<meta property=\"og:locale\" content=\"de_DE\" \/>\n<meta property=\"og:type\" content=\"article\" \/>\n<meta property=\"og:title\" content=\"Angebote - Montana Club\" \/>\n<meta property=\"og:description\" content=\"Akklimatisierte Luft                         5 Minuten vom Strand entfernt                         Free Wifi                                                                                                                                      Als Mitglied des Treueclub haben Sie viele Vorteile.[...]\" \/>\n<meta property=\"og:url\" content=\"https:\/\/montanaclub.es\/de\/angebote\/\" \/>\n<meta property=\"og:site_name\" content=\"Montana Club\" \/>\n<meta property=\"article:modified_time\" content=\"2026-03-02T10:46:22+00:00\" \/>\n<meta property=\"og:image\" content=\"https:\/\/montanaclub.es\/wp-content\/uploads\/2024\/07\/Suite-Premium-1-dormitorio-piloto-SUITE-HOTEL-MONTANA-CLUB-5.jpg\" \/>\n\t<meta property=\"og:image:width\" content=\"1600\" \/>\n\t<meta property=\"og:image:height\" content=\"1069\" \/>\n\t<meta property=\"og:image:type\" content=\"image\/jpeg\" \/>\n<meta name=\"twitter:card\" content=\"summary_large_image\" \/>\n<meta name=\"twitter:label1\" content=\"Gesch\u00e4tzte Lesezeit\" \/>\n\t<meta name=\"twitter:data1\" content=\"1\u00a0Minute\" \/>\n<script type=\"application\/ld+json\" class=\"yoast-schema-graph\">{\"@context\":\"https:\\\/\\\/schema.org\",\"@graph\":[{\"@type\":\"WebPage\",\"@id\":\"https:\\\/\\\/montanaclub.es\\\/de\\\/angebote\\\/\",\"url\":\"https:\\\/\\\/montanaclub.es\\\/de\\\/angebote\\\/\",\"name\":\"Angebote - Montana Club\",\"isPartOf\":{\"@id\":\"https:\\\/\\\/montanaclub.es\\\/de\\\/#website\"},\"primaryImageOfPage\":{\"@id\":\"https:\\\/\\\/montanaclub.es\\\/de\\\/angebote\\\/#primaryimage\"},\"image\":{\"@id\":\"https:\\\/\\\/montanaclub.es\\\/de\\\/angebote\\\/#primaryimage\"},\"thumbnailUrl\":\"https:\\\/\\\/montanaclub.es\\\/wp-content\\\/uploads\\\/2024\\\/07\\\/Suite-Premium-1-dormitorio-piloto-SUITE-HOTEL-MONTANA-CLUB-5.jpg\",\"datePublished\":\"2023-04-23T15:35:24+00:00\",\"dateModified\":\"2026-03-02T10:46:22+00:00\",\"breadcrumb\":{\"@id\":\"https:\\\/\\\/montanaclub.es\\\/de\\\/angebote\\\/#breadcrumb\"},\"inLanguage\":\"de\",\"potentialAction\":[{\"@type\":\"ReadAction\",\"target\":[\"https:\\\/\\\/montanaclub.es\\\/de\\\/angebote\\\/\"]}]},{\"@type\":\"ImageObject\",\"inLanguage\":\"de\",\"@id\":\"https:\\\/\\\/montanaclub.es\\\/de\\\/angebote\\\/#primaryimage\",\"url\":\"https:\\\/\\\/montanaclub.es\\\/wp-content\\\/uploads\\\/2024\\\/07\\\/Suite-Premium-1-dormitorio-piloto-SUITE-HOTEL-MONTANA-CLUB-5.jpg\",\"contentUrl\":\"https:\\\/\\\/montanaclub.es\\\/wp-content\\\/uploads\\\/2024\\\/07\\\/Suite-Premium-1-dormitorio-piloto-SUITE-HOTEL-MONTANA-CLUB-5.jpg\",\"width\":1600,\"height\":1069},{\"@type\":\"BreadcrumbList\",\"@id\":\"https:\\\/\\\/montanaclub.es\\\/de\\\/angebote\\\/#breadcrumb\",\"itemListElement\":[{\"@type\":\"ListItem\",\"position\":1,\"name\":\"Portada\",\"item\":\"https:\\\/\\\/montanaclub.es\\\/de\\\/\"},{\"@type\":\"ListItem\",\"position\":2,\"name\":\"Angebote\"}]},{\"@type\":\"WebSite\",\"@id\":\"https:\\\/\\\/montanaclub.es\\\/de\\\/#website\",\"url\":\"https:\\\/\\\/montanaclub.es\\\/de\\\/\",\"name\":\"Montana Club\",\"description\":\"Entdecken Sie Ihr Hotel Lanzarote in PdC, in unmittelbarer N\u00e4he zum Strand, einer Vielzahl von Freizeitangeboten und Restaurants. Verpassen Sie nicht die M\u00f6glichkeit, Montana Club kennenzulernen!\",\"publisher\":{\"@id\":\"https:\\\/\\\/montanaclub.es\\\/de\\\/#organization\"},\"alternateName\":\"Suites del Hotel Montana Club - Confort y Elegancia en Lanzarote\",\"potentialAction\":[{\"@type\":\"SearchAction\",\"target\":{\"@type\":\"EntryPoint\",\"urlTemplate\":\"https:\\\/\\\/montanaclub.es\\\/de\\\/?s={search_term_string}\"},\"query-input\":{\"@type\":\"PropertyValueSpecification\",\"valueRequired\":true,\"valueName\":\"search_term_string\"}}],\"inLanguage\":\"de\"},{\"@type\":\"Organization\",\"@id\":\"https:\\\/\\\/montanaclub.es\\\/de\\\/#organization\",\"name\":\"Hotel Montana Club\",\"alternateName\":\"Suites del Hotel Montana Club - Confort y Elegancia en Lanzarote\",\"url\":\"https:\\\/\\\/montanaclub.es\\\/de\\\/\",\"logo\":{\"@type\":\"ImageObject\",\"inLanguage\":\"de\",\"@id\":\"https:\\\/\\\/montanaclub.es\\\/de\\\/#\\\/schema\\\/logo\\\/image\\\/\",\"url\":\"https:\\\/\\\/montanaclub.es\\\/wp-content\\\/uploads\\\/2023\\\/05\\\/LOGO-MONTANA-SUITE-HOTEL-2023-sin-fondo-5.png\",\"contentUrl\":\"https:\\\/\\\/montanaclub.es\\\/wp-content\\\/uploads\\\/2023\\\/05\\\/LOGO-MONTANA-SUITE-HOTEL-2023-sin-fondo-5.png\",\"width\":1173,\"height\":1080,\"caption\":\"Hotel Montana Club\"},\"image\":{\"@id\":\"https:\\\/\\\/montanaclub.es\\\/de\\\/#\\\/schema\\\/logo\\\/image\\\/\"}}]}<\/script>\n<!-- \/ Yoast SEO plugin. -->","yoast_head_json":{"title":"Angebote - Montana Club","robots":{"index":"index","follow":"follow","max-snippet":"max-snippet:-1","max-image-preview":"max-image-preview:large","max-video-preview":"max-video-preview:-1"},"canonical":"https:\/\/montanaclub.es\/de\/angebote\/","og_locale":"de_DE","og_type":"article","og_title":"Angebote - Montana Club","og_description":"Akklimatisierte Luft                         5 Minuten vom Strand entfernt                         Free Wifi                                                                                                                                      Als Mitglied des Treueclub haben Sie viele Vorteile.[...]","og_url":"https:\/\/montanaclub.es\/de\/angebote\/","og_site_name":"Montana Club","article_modified_time":"2026-03-02T10:46:22+00:00","og_image":[{"width":1600,"height":1069,"url":"https:\/\/montanaclub.es\/wp-content\/uploads\/2024\/07\/Suite-Premium-1-dormitorio-piloto-SUITE-HOTEL-MONTANA-CLUB-5.jpg","type":"image\/jpeg"}],"twitter_card":"summary_large_image","twitter_misc":{"Gesch\u00e4tzte Lesezeit":"1\u00a0Minute"},"schema":{"@context":"https:\/\/schema.org","@graph":[{"@type":"WebPage","@id":"https:\/\/montanaclub.es\/de\/angebote\/","url":"https:\/\/montanaclub.es\/de\/angebote\/","name":"Angebote - Montana Club","isPartOf":{"@id":"https:\/\/montanaclub.es\/de\/#website"},"primaryImageOfPage":{"@id":"https:\/\/montanaclub.es\/de\/angebote\/#primaryimage"},"image":{"@id":"https:\/\/montanaclub.es\/de\/angebote\/#primaryimage"},"thumbnailUrl":"https:\/\/montanaclub.es\/wp-content\/uploads\/2024\/07\/Suite-Premium-1-dormitorio-piloto-SUITE-HOTEL-MONTANA-CLUB-5.jpg","datePublished":"2023-04-23T15:35:24+00:00","dateModified":"2026-03-02T10:46:22+00:00","breadcrumb":{"@id":"https:\/\/montanaclub.es\/de\/angebote\/#breadcrumb"},"inLanguage":"de","potentialAction":[{"@type":"ReadAction","target":["https:\/\/montanaclub.es\/de\/angebote\/"]}]},{"@type":"ImageObject","inLanguage":"de","@id":"https:\/\/montanaclub.es\/de\/angebote\/#primaryimage","url":"https:\/\/montanaclub.es\/wp-content\/uploads\/2024\/07\/Suite-Premium-1-dormitorio-piloto-SUITE-HOTEL-MONTANA-CLUB-5.jpg","contentUrl":"https:\/\/montanaclub.es\/wp-content\/uploads\/2024\/07\/Suite-Premium-1-dormitorio-piloto-SUITE-HOTEL-MONTANA-CLUB-5.jpg","width":1600,"height":1069},{"@type":"BreadcrumbList","@id":"https:\/\/montanaclub.es\/de\/angebote\/#breadcrumb","itemListElement":[{"@type":"ListItem","position":1,"name":"Portada","item":"https:\/\/montanaclub.es\/de\/"},{"@type":"ListItem","position":2,"name":"Angebote"}]},{"@type":"WebSite","@id":"https:\/\/montanaclub.es\/de\/#website","url":"https:\/\/montanaclub.es\/de\/","name":"Montana Club","description":"Entdecken Sie Ihr Hotel Lanzarote in PdC, in unmittelbarer N\u00e4he zum Strand, einer Vielzahl von Freizeitangeboten und Restaurants. Verpassen Sie nicht die M\u00f6glichkeit, Montana Club kennenzulernen!","publisher":{"@id":"https:\/\/montanaclub.es\/de\/#organization"},"alternateName":"Suites del Hotel Montana Club - Confort y Elegancia en Lanzarote","potentialAction":[{"@type":"SearchAction","target":{"@type":"EntryPoint","urlTemplate":"https:\/\/montanaclub.es\/de\/?s={search_term_string}"},"query-input":{"@type":"PropertyValueSpecification","valueRequired":true,"valueName":"search_term_string"}}],"inLanguage":"de"},{"@type":"Organization","@id":"https:\/\/montanaclub.es\/de\/#organization","name":"Hotel Montana Club","alternateName":"Suites del Hotel Montana Club - Confort y Elegancia en Lanzarote","url":"https:\/\/montanaclub.es\/de\/","logo":{"@type":"ImageObject","inLanguage":"de","@id":"https:\/\/montanaclub.es\/de\/#\/schema\/logo\/image\/","url":"https:\/\/montanaclub.es\/wp-content\/uploads\/2023\/05\/LOGO-MONTANA-SUITE-HOTEL-2023-sin-fondo-5.png","contentUrl":"https:\/\/montanaclub.es\/wp-content\/uploads\/2023\/05\/LOGO-MONTANA-SUITE-HOTEL-2023-sin-fondo-5.png","width":1173,"height":1080,"caption":"Hotel Montana Club"},"image":{"@id":"https:\/\/montanaclub.es\/de\/#\/schema\/logo\/image\/"}}]}},"_links":{"self":[{"href":"https:\/\/montanaclub.es\/de\/wp-json\/wp\/v2\/pages\/1280","targetHints":{"allow":["GET"]}}],"collection":[{"href":"https:\/\/montanaclub.es\/de\/wp-json\/wp\/v2\/pages"}],"about":[{"href":"https:\/\/montanaclub.es\/de\/wp-json\/wp\/v2\/types\/page"}],"author":[{"embeddable":true,"href":"https:\/\/montanaclub.es\/de\/wp-json\/wp\/v2\/users\/2"}],"replies":[{"embeddable":true,"href":"https:\/\/montanaclub.es\/de\/wp-json\/wp\/v2\/comments?post=1280"}],"version-history":[{"count":82,"href":"https:\/\/montanaclub.es\/de\/wp-json\/wp\/v2\/pages\/1280\/revisions"}],"predecessor-version":[{"id":5405,"href":"https:\/\/montanaclub.es\/de\/wp-json\/wp\/v2\/pages\/1280\/revisions\/5405"}],"wp:featuredmedia":[{"embeddable":true,"href":"https:\/\/montanaclub.es\/de\/wp-json\/wp\/v2\/media\/3398"}],"wp:attachment":[{"href":"https:\/\/montanaclub.es\/de\/wp-json\/wp\/v2\/media?parent=1280"}],"curies":[{"name":"wp","href":"https:\/\/api.w.org\/{rel}","templated":true}]}}